{"id":7499,"date":"2024-10-30T18:05:42","date_gmt":"2024-10-30T18:05:42","guid":{"rendered":"http:\/\/artesgraficasmodernas.com.ar\/?page_id=7499"},"modified":"2024-10-30T18:05:42","modified_gmt":"2024-10-30T18:05:42","slug":"estrategias","status":"publish","type":"page","link":"http:\/\/artesgraficasmodernas.com.ar\/index.php\/estrategias\/","title":{"rendered":"Estrategias"},"content":{"rendered":"<p>[vc_row background_image=&#8221;5372&#8243; padding_top=&#8221;50&#8243; padding_bottom=&#8221;25&#8243;][vc_column][vc_empty_space height=&#8221;30px&#8221;][vc_custom_heading text=&#8221;ESTRATEGIAS&#8221; font_container=&#8221;tag:h2|font_size:45px|text_align:center|color:%23ffffff|line_height:30px&#8221; use_theme_fonts=&#8221;yes&#8221;][vc_empty_space height=&#8221;15px&#8221;][vc_column_text]<\/p>\n<div class=\"nz-section horizontal autoheight-false animate-false full-width-false \" data-img-width=\"1450\" data-img-height=\"300\" data-animation-speed=\"35000\" data-parallax=\"false\">\n<div class=\"container\">\n<div class=\"nz-row\">\n<div class=\"col vc_col-sm-12 col12 element-animate-false valign-top\" data-effect=\"none\" data-align=\"left\">\n<div class=\"col-inner\">\n<div class=\"nz-column-text nz-clearfix element-animate-false\" data-effect=\"none\" data-effect-speed=\"50\">\n<div class=\"nz-section horizontal autoheight-false animate-false full-width-false \" data-img-width=\"1450\" data-img-height=\"300\" data-animation-speed=\"35000\" data-parallax=\"false\">\n<div class=\"container\">\n<div class=\"nz-row\">\n<div class=\"col vc_col-sm-12 col12 element-animate-false valign-top\" data-effect=\"none\" data-align=\"left\">\n<div class=\"col-inner\">\n<div class=\"nz-column-text nz-clearfix element-animate-false\" data-effect=\"none\" data-effect-speed=\"50\">\n<h1 style=\"text-align: center;\"><span style=\"color: #ffffff !important;\">Trabajamos por un mundo mejor.<\/span><\/h1>\n<\/div>\n<\/div>\n<\/div>\n<\/div>\n<\/div>\n<\/div>\n<\/div>\n<\/div>\n<\/div>\n<\/div>\n<\/div>\n<\/div>\n<p>[\/vc_column_text][\/vc_column][\/vc_row][vc_row background_color=&#8221;#37b245&#8243; padding_bottom=&#8221;0&#8243;][vc_column width=&#8221;1\/4&#8243;][\/vc_column][vc_column width=&#8221;1\/2&#8243; effect=&#8221;fade-top&#8221; valign=&#8221;middle&#8221; text_align=&#8221;center&#8221;][vc_empty_space height=&#8221;15px&#8221;][vc_custom_heading text=&#8221;SUSTENTABILIDAD&#8221; font_container=&#8221;tag:h2|font_size:30px|text_align:center|color:%23ffffff|line_height:30px&#8221; use_theme_fonts=&#8221;yes&#8221;]<div class=\"sep-wrap element-animate element-animate-false center nz-clearfix\" data-effect=\"none\"><div class=\"nz-separator solid\" style=\"border-bottom-color:#eabe3f;width:50px;border-bottom-width:1px;border-bottom-style:solid;margin-top:15px;margin-bottom:2px;\">&nbsp;<\/div><\/div><div class=\"sep-wrap element-animate element-animate-false center nz-clearfix\" data-effect=\"none\"><div class=\"nz-separator solid\" style=\"border-bottom-color:#c0c0c0;width:100px;border-bottom-width:1px;border-bottom-style:solid;margin-bottom:2px;\">&nbsp;<\/div><\/div><div class=\"sep-wrap element-animate element-animate-false center nz-clearfix\" data-effect=\"none\"><div class=\"nz-separator solid\" style=\"border-bottom-color:#ffffff;width:50px;border-bottom-width:1px;border-bottom-style:solid;\">&nbsp;<\/div><\/div>[\/vc_column][vc_column width=&#8221;1\/4&#8243;][\/vc_column][\/vc_row][vc_row padding_top=&#8221;40&#8243; padding_bottom=&#8221;0&#8243;][vc_column width=&#8221;1\/4&#8243; effect=&#8221;fade-left&#8221; text_align=&#8221;center&#8221;][vc_column_text]<\/p>\n<h4><span class=\"nz-icon none medium icon-earth animate-true\" style=\"color:#37b245 !important;;\"><\/span><a href=\"http:\/\/artesgraficasmodernas.com.ar\/index.php\/responsabilidad-social\/\"><span style=\"color: #37b245 !important;\"> Responsabilidad Social<\/span><\/a><\/h4>\n<p>[\/vc_column_text][\/vc_column][vc_column width=&#8221;1\/4&#8243;][vc_column_text]<\/p>\n<h4><span class=\"nz-icon none medium icon-earth animate-false\" style=\"color:#37b245 !important;;\"><\/span><span style=\"color: #37b245 !important;\">\u00a0Estrategias<\/span><\/h4>\n<p>[\/vc_column_text][\/vc_column][vc_column width=&#8221;1\/4&#8243;][vc_column_text]<\/p>\n<h4><span class=\"nz-icon none medium icon-earth animate-true\" style=\"color:#37b245 !important;;\"><\/span><a href=\"http:\/\/artesgraficasmodernas.com.ar\/index.php\/onda-verde\/\"><span style=\"color: #37b245 !important;\"> Onda Verde<\/span><\/a><\/h4>\n<p>[\/vc_column_text][\/vc_column][vc_column width=&#8221;1\/4&#8243;][vc_column_text]<\/p>\n<h4><span class=\"nz-icon none medium icon-earth animate-true\" style=\"color:#37b245 !important;;\"><\/span><a href=\"http:\/\/artesgraficasmodernas.com.ar\/index.php\/avances-sustentables\/\"><span style=\"color: #37b245 !important;\"> Avance Sustentables<\/span><\/a><\/h4>\n<p>[\/vc_column_text][\/vc_column][\/vc_row][vc_row][vc_column][vc_separator][\/vc_column][\/vc_row][vc_row][vc_column width=&#8221;1\/2&#8243; effect=&#8221;fade-left&#8221;][vc_custom_heading text=&#8221;PROMOVER POL\u00cdTICAS DE CRECIMIENTO SOSTENIBLES&#8221; font_container=&#8221;tag:h3|font_size:25|text_align:left|color:%2337b245&#8243; use_theme_fonts=&#8221;yes&#8221;][vc_empty_space height=&#8221;20px&#8221;][vc_separator align=&#8221;align_left&#8221; border_width=&#8221;3&#8243; el_width=&#8221;20&#8243;][vc_column_text]<\/p>\n<div class=\"nz-column-text nz-clearfix element-animate-false\" data-effect=\"none\" data-effect-speed=\"50\">\n<p class=\"p2\"><span style=\"color: #333333;\">Implementamos Pol\u00edticas donde asumimos el compromiso de realizar nuestras operaciones de manera responsable para la seguridad y protecci\u00f3n de la salud de nuestros empleados, y contribuir a la preservaci\u00f3n del planeta.<\/span><\/p>\n<p class=\"p2\"><span style=\"color: #333333;\">Llevamos adelante medidas dirigidas a fomentar la educaci\u00f3n y la cultura y trabajar para establecer v\u00ednculos firmes y permanentes, tomando en consideraci\u00f3n los intereses de nuestro equipo humano, de los accionistas y la comunidad financiera, los organismos reguladores, los clientes, los proveedores, la sociedad en general y el medio ambiente.<\/span><\/p>\n<p class=\"p2\"><span style=\"color: #333333;\">Desde nuestros or\u00edgenes, la inversi\u00f3n es parte fundamental de nuestra estrategia de crecimiento. Por tal motivo, continuaremos en esta l\u00ednea invirtiendo en tecnolog\u00edas y procesos que contribuyan a la conservaci\u00f3n del medio ambiente.<\/span><\/p>\n<p class=\"p2\"><span style=\"color: #333333;\">Investigar, desarrollar, y ofrecer productos y materiales innovadores y de calidad, que satisfagan las necesidades de nuestros clientes, contemplando el cuidado de la salud y del planeta es la clave para continuar con nuestro \u00e9xito en el mercado.<\/span><\/p>\n<p class=\"p2\"><span style=\"color: #333333;\">Trabajamos para mejorar la gesti\u00f3n en la cadena de suministro, con acciones que contribuyan a alcanzar los objetivos de sostenibilidad.<\/span><\/p>\n<p class=\"p2\"><span style=\"color: #333333;\">Apoyamos diferentes organizaciones de nuestra comunidad para el desarrollo de las mismas.<\/span><\/p>\n<\/div>\n<p>[\/vc_column_text][\/vc_column][vc_column width=&#8221;1\/2&#8243; effect=&#8221;fade-right&#8221; pl=&#8221;50&#8243;][vc_single_image image=&#8221;6660&#8243; img_size=&#8221;full&#8221;][vc_separator align=&#8221;align_left&#8221; border_width=&#8221;3&#8243; el_width=&#8221;20&#8243;][vc_column_text]<img loading=\"lazy\" decoding=\"async\" class=\"alignleft wp-image-5327\" src=\"http:\/\/artesgraficasmodernas.com.ar\/wp-content\/uploads\/2017\/12\/Captura-de-pantalla-2017-12-27-a-las-8.07.33-AM.png\" alt=\"\" width=\"40\" height=\"45\" \/><a href=\"http:\/\/artesgraficasmodernas.com.ar\/wp-content\/uploads\/2017\/12\/ESTRATEGIA-DE-RESPONSABILIDAD-SOCIAL-EMPRESARIA.pdf\" target=\"_blank\" rel=\"noopener\">DESCARGAR ESTRATEGIA DE<br \/>\nRESPONSABILIDAD SOCIAL EMPRESARIA<\/a>[\/vc_column_text][vc_empty_space][vc_separator align=&#8221;align_left&#8221; border_width=&#8221;3&#8243; el_width=&#8221;20&#8243;][vc_column_text]<img loading=\"lazy\" decoding=\"async\" class=\"alignleft wp-image-5327\" src=\"http:\/\/artesgraficasmodernas.com.ar\/wp-content\/uploads\/2017\/12\/Captura-de-pantalla-2017-12-27-a-las-8.07.33-AM.png\" alt=\"\" width=\"40\" height=\"45\" \/><a href=\"http:\/\/artesgraficasmodernas.com.ar\/wp-content\/uploads\/2018\/03\/POL-004-Politica-de-Salud-Seguridad-y-Medio-Ambiente-Rev.01.pdf\" target=\"_blank\" rel=\"noopener\">DESCARGAR POL\u00cdTICA DE<br \/>\nSEGURIDAD, SALUD Y MEDIO AMBIENTE<\/a>[\/vc_column_text][vc_empty_space][\/vc_column][\/vc_row][vc_row padding_top=&#8221;0&#8243; padding_bottom=&#8221;0&#8243;][vc_column width=&#8221;1\/2&#8243; effect=&#8221;fade-left&#8221;][vc_column_text]<\/p>\n<div class=\"nz-column-text nz-clearfix element-animate-false\" data-effect=\"none\" data-effect-speed=\"50\">\n<p class=\"p2\"><span style=\"color: #333333;\">Adherimos al Pacto Global, alineando nuestras operaciones y estrategias a los Principios universalmente aceptados, como referencia del comportamiento responsable deseado en la organizaci\u00f3n, para todos nuestros integrantes y para todos los que se relacionan con AGM.<\/span><\/p>\n<\/div>\n<p>[\/vc_column_text][\/vc_column][vc_column width=&#8221;1\/2&#8243; effect=&#8221;fade-right&#8221;][vc_single_image image=&#8221;6663&#8243;][\/vc_column][\/vc_row][vc_row background_color=&#8221;#37b245&#8243; padding_top=&#8221;40&#8243; padding_bottom=&#8221;0&#8243;][vc_column width=&#8221;1\/3&#8243; effect=&#8221;fade-bottom&#8221;]<div class=\"nz-content-box nz-clearfix align-left version2 animate-none\" data-columns=\"1\" data-animate=\"false\"><div id=\"nz-box-1\" class=\"  back_active bord_active nz-box element-animate\"><div class=\"nz-box-wrap\"><style>#nz-box-1 .box-icon {color:#ffffff;}#nz-box-1 .box-icon-wrap {background-color:#37b245;}#nz-box-1 .box-icon-wrap {box-shadow:inset 0 0 0 2px #ffffff;}<\/style><div class=\"box-icon-wrap\"><div class=\"box-icon icon-office\"><\/div><\/div><div class=\"box-data\"><\/p>\n<h3 style=\"text-align: center;\"><span style=\"color: #ffffff !important;\">ACTIVIDAD EMPRESARIA<\/span><\/h3>\n<p class=\"p1\" style=\"text-align: center;\"><span style=\"color: #ffffff !important;\">Construyendo una fuerte relaci\u00f3n con nuestros clientes y proveedores desarrollamos soluciones creativas e innovadoras, que ayudan a enfrentar los continuos y desafiantes cambios en el mercado.<\/span><\/p>\n<p><\/div><\/div><\/div><\/div>[\/vc_column][vc_column width=&#8221;1\/3&#8243; effect=&#8221;fade-bottom&#8221;]<div class=\"nz-content-box nz-clearfix align-left version2 animate-none\" data-columns=\"1\" data-animate=\"false\"><div id=\"nz-box-2\" class=\"  back_active bord_active nz-box element-animate\"><div class=\"nz-box-wrap\"><style>#nz-box-2 .box-icon {color:#ffffff;}#nz-box-2 .box-icon-wrap {background-color:#37b245;}#nz-box-2 .box-icon-wrap {box-shadow:inset 0 0 0 2px #ffffff;}<\/style><div class=\"box-icon-wrap\"><div class=\"box-icon icon-users\"><\/div><\/div><div class=\"box-data\"><\/p>\n<h3 style=\"text-align: center;\"><span style=\"color: #ffffff !important;\">DESARROLLO SOCIAL<\/span><\/h3>\n<p class=\"p1\" style=\"text-align: center;\"><span style=\"color: #ffffff !important;\">Comprometiendo tanto a los directivos como a todos los empleados a desarrollar y ejecutar acciones que permitan el crecimiento sostenible tanto de la empresa como la comunidad.<\/span><\/p>\n<p><\/div><\/div><\/div><\/div>[\/vc_column][vc_column width=&#8221;1\/3&#8243; effect=&#8221;fade-bottom&#8221;]<div class=\"nz-content-box nz-clearfix align-left version2 animate-none\" data-columns=\"1\" data-animate=\"false\"><div id=\"nz-box-3\" class=\"  back_active bord_active nz-box element-animate\"><div class=\"nz-box-wrap\"><style>#nz-box-3 .box-icon {color:#ffffff;}#nz-box-3 .box-icon-wrap {background-color:#37b245;}#nz-box-3 .box-icon-wrap {box-shadow:inset 0 0 0 2px #ffffff;}<\/style><div class=\"box-icon-wrap\"><div class=\"box-icon icon-earth\"><\/div><\/div><div class=\"box-data\"><\/p>\n<h3 style=\"text-align: center;\"><span style=\"color: #ffffff !important;\">MEDIO AMBIENTE<\/span><\/h3>\n<p class=\"p1\" style=\"text-align: center;\"><span style=\"color: #ffffff !important;\">Desde AGM nos ocupamos de proveer soluciones pr\u00e1cticas y efectivas, y productos que apuntan a mejorar y conservar nuestro planeta.<\/span><\/p>\n<p><\/div><\/div><\/div><\/div>[\/vc_column][\/vc_row]<\/p>\n","protected":false},"excerpt":{"rendered":"<p>Claritas est etiam processus dynamicus, qui sequitur mutationem consuetudium lectorum. Mirum est notare quam littera gothica, quam nunc putamus parum claram, anteposuerit litterarum formas humanitatis per seacula quarta decima et quinta decima. Eodem modo typi, qui nunc nobis videntur parum clari, fiant sollemnes in futurum.<\/p>\n","protected":false},"author":1,"featured_media":0,"parent":0,"menu_order":0,"comment_status":"closed","ping_status":"closed","template":"page-vc.php","meta":{"om_disable_all_campaigns":false,"_monsterinsights_skip_tracking":false,"_monsterinsights_sitenote_active":false,"_monsterinsights_sitenote_note":"","_monsterinsights_sitenote_category":0,"footnotes":""},"class_list":["post-7499","page","type-page","status-publish","hentry"],"_links":{"self":[{"href":"http:\/\/artesgraficasmodernas.com.ar\/index.php\/wp-json\/wp\/v2\/pages\/7499","targetHints":{"allow":["GET"]}}],"collection":[{"href":"http:\/\/artesgraficasmodernas.com.ar\/index.php\/wp-json\/wp\/v2\/pages"}],"about":[{"href":"http:\/\/artesgraficasmodernas.com.ar\/index.php\/wp-json\/wp\/v2\/types\/page"}],"author":[{"embeddable":true,"href":"http:\/\/artesgraficasmodernas.com.ar\/index.php\/wp-json\/wp\/v2\/users\/1"}],"replies":[{"embeddable":true,"href":"http:\/\/artesgraficasmodernas.com.ar\/index.php\/wp-json\/wp\/v2\/comments?post=7499"}],"version-history":[{"count":2,"href":"http:\/\/artesgraficasmodernas.com.ar\/index.php\/wp-json\/wp\/v2\/pages\/7499\/revisions"}],"predecessor-version":[{"id":7505,"href":"http:\/\/artesgraficasmodernas.com.ar\/index.php\/wp-json\/wp\/v2\/pages\/7499\/revisions\/7505"}],"wp:attachment":[{"href":"http:\/\/artesgraficasmodernas.com.ar\/index.php\/wp-json\/wp\/v2\/media?parent=7499"}],"curies":[{"name":"wp","href":"https:\/\/api.w.org\/{rel}","templated":true}]}}