{"id":7192,"date":"2018-05-08T18:11:58","date_gmt":"2018-05-08T18:11:58","guid":{"rendered":"http:\/\/artesgraficasmodernas.com.ar\/?page_id=7192"},"modified":"2018-05-17T22:56:30","modified_gmt":"2018-05-17T22:56:30","slug":"historia","status":"publish","type":"page","link":"http:\/\/artesgraficasmodernas.com.ar\/index.php\/historia\/","title":{"rendered":"Historia"},"content":{"rendered":"<p>[vc_row background_image=&#8221;5473&#8243; padding_top=&#8221;125&#8243; padding_bottom=&#8221;125&#8243;][vc_column][\/vc_column][\/vc_row][vc_row background_color=&#8221;#dd3333&#8243; background_image=&#8221;5337&#8243; padding_bottom=&#8221;0&#8243;][vc_column width=&#8221;1\/4&#8243;][\/vc_column][vc_column width=&#8221;1\/2&#8243; effect=&#8221;fade-top&#8221;][vc_empty_space height=&#8221;15px&#8221;][vc_custom_heading text=&#8221;NUESTRA HISTORIA&#8221; font_container=&#8221;tag:h3|font_size:30px|text_align:center|color:%23ffffff|line_height:30px&#8221; use_theme_fonts=&#8221;yes&#8221; el_class=&#8221;ninzio-latter-spacing&#8221;]<div class=\"sep-wrap element-animate element-animate-false center nz-clearfix\" data-effect=\"none\"><div class=\"nz-separator solid\" style=\"border-bottom-color:#eabe3f;width:50px;border-bottom-width:1px;border-bottom-style:solid;margin-top:15px;margin-bottom:2px;\">&nbsp;<\/div><\/div><div class=\"sep-wrap element-animate element-animate-false center nz-clearfix\" data-effect=\"none\"><div class=\"nz-separator solid\" style=\"border-bottom-color:#c0c0c0;width:100px;border-bottom-width:1px;border-bottom-style:solid;margin-bottom:2px;\">&nbsp;<\/div><\/div><div class=\"sep-wrap element-animate element-animate-false center nz-clearfix\" data-effect=\"none\"><div class=\"nz-separator solid\" style=\"border-bottom-color:#ffffff;width:50px;border-bottom-width:1px;border-bottom-style:solid;\">&nbsp;<\/div><\/div>[\/vc_column][vc_column width=&#8221;1\/4&#8243;][\/vc_column][\/vc_row][vc_row][vc_column][vc_column_text]\t\t\t<!-- Cool Timeline Free V3.3.1 -->\n\t\t\t<div class=\"ctl-wrapper\" role=\"region\" aria-label=\"Timeline\">\n\t\t\t\t\t\t\t\t<div id=\"cool_timeline_1\" class=\"cool-timeline-wrapper ctl-both-sided ctl-vertical-wrapper\" >\n\t\t\t\t\t<div class=\"ctl-start\"><\/div>\n\t\t\t\t\t<!-- Timeline Container -->\n\t\t\t\t\t<div class=\"ctl-timeline ctl-timeline-container\" data-animation=\"none\">\n\t\t\t\t\t\t<!-- Center Line -->\n\t\t\t\t\t\t<div class=\"ctl-inner-line\" role=\"presentation\"><\/div>\n\t\t\t\t\t\t\t\t\t\t\t\t<!-- Timeline Content --><div  id=\"ctl-story-7221\" class=\"ctl-story ctl-story-icon odd ctl-story-right\" data-aos=\"none\"   data-story-index=\"1\" role=\"article\"><!-- Story Icon --><div class=\"ctl-icon\"><i class=\"fa fa-clock-o\" aria-hidden=\"true\"><\/i><\/div> <!-- Story Arrow --><div class=\"ctl-arrow\"><\/div><!-- Story Content --><div class=\"ctl-content\"><!-- Story Title --><div class=\"ctl-title story-7221\" aria-label=\"2\"><a target=\"_self\" title=\"2018\" href=\"http:\/\/artesgraficasmodernas.com.ar\/index.php\/cool_timeline\/2018\/\" class=\"story-link\">2018<\/a><\/div><!-- Story Media --><div class=\"ctl-media full\"><a data-glightbox=\"2018\" href=\"http:\/\/artesgraficasmodernas.com.ar\/wp-content\/uploads\/2018\/05\/2018.jpg\" class=\"ctl_glightbox\"><img loading=\"lazy\" decoding=\"async\" width=\"260\" height=\"200\" src=\"http:\/\/artesgraficasmodernas.com.ar\/wp-content\/uploads\/2018\/05\/2018.jpg\" class=\"story-img wp-post-image\" alt=\"2018\" srcset=\"http:\/\/artesgraficasmodernas.com.ar\/wp-content\/uploads\/2018\/05\/2018.jpg 260w, http:\/\/artesgraficasmodernas.com.ar\/wp-content\/uploads\/2018\/05\/2018-200x154.jpg 200w\" sizes=\"auto, (max-width: 260px) 100vw, 260px\" \/><\/a><\/div><!-- Story Description --><div class=\"ctl-description\"><p>17.500 m\u00b2 280 personas.<\/p>\n<\/div><\/div><\/div><!-- Timeline Content --><div  id=\"ctl-story-7220\" class=\"ctl-story ctl-story-icon even ctl-story-left\" data-aos=\"none\"   data-story-index=\"2\" role=\"article\"><!-- Story Icon --><div class=\"ctl-icon\"><i class=\"fa fa-clock-o\" aria-hidden=\"true\"><\/i><\/div> <!-- Story Arrow --><div class=\"ctl-arrow\"><\/div><!-- Story Content --><div class=\"ctl-content\"><!-- Story Title --><div class=\"ctl-title story-7220\" aria-label=\"2\"><a target=\"_self\" title=\"2017\" href=\"http:\/\/artesgraficasmodernas.com.ar\/index.php\/cool_timeline\/2017\/\" class=\"story-link\">2017<\/a><\/div><!-- Story Media --><div class=\"ctl-media full\"><a data-glightbox=\"2017\" href=\"http:\/\/artesgraficasmodernas.com.ar\/wp-content\/uploads\/2018\/05\/2017.jpg\" class=\"ctl_glightbox\"><img loading=\"lazy\" decoding=\"async\" width=\"260\" height=\"200\" src=\"http:\/\/artesgraficasmodernas.com.ar\/wp-content\/uploads\/2018\/05\/2017.jpg\" class=\"story-img wp-post-image\" alt=\"2017\" srcset=\"http:\/\/artesgraficasmodernas.com.ar\/wp-content\/uploads\/2018\/05\/2017.jpg 260w, http:\/\/artesgraficasmodernas.com.ar\/wp-content\/uploads\/2018\/05\/2017-200x154.jpg 200w\" sizes=\"auto, (max-width: 260px) 100vw, 260px\" \/><\/a><\/div><!-- Story Description --><div class=\"ctl-description\"><p>Incorporaci\u00f3n de tecnolog\u00eda Hot Melt.<\/p>\n<\/div><\/div><\/div><!-- Timeline Content --><div  id=\"ctl-story-7416\" class=\"ctl-story ctl-story-icon odd ctl-story-right\" data-aos=\"none\"   data-story-index=\"3\" role=\"article\"><!-- Story Icon --><div class=\"ctl-icon\"><i class=\"fa fa-clock-o\" aria-hidden=\"true\"><\/i><\/div> <!-- Story Arrow --><div class=\"ctl-arrow\"><\/div><!-- Story Content --><div class=\"ctl-content\"><!-- Story Title --><div class=\"ctl-title story-7416\" aria-label=\"2\"><a target=\"_self\" title=\"2012\" href=\"http:\/\/artesgraficasmodernas.com.ar\/index.php\/cool_timeline\/2012\/\" class=\"story-link\">2012<\/a><\/div><!-- Story Media --><div class=\"ctl-media full\"><a data-glightbox=\"2012\" href=\"http:\/\/artesgraficasmodernas.com.ar\/wp-content\/uploads\/2018\/05\/2012.jpg\" class=\"ctl_glightbox\"><img loading=\"lazy\" decoding=\"async\" width=\"260\" height=\"184\" src=\"http:\/\/artesgraficasmodernas.com.ar\/wp-content\/uploads\/2018\/05\/2012.jpg\" class=\"story-img wp-post-image\" alt=\"2012\" srcset=\"http:\/\/artesgraficasmodernas.com.ar\/wp-content\/uploads\/2018\/05\/2012.jpg 260w, http:\/\/artesgraficasmodernas.com.ar\/wp-content\/uploads\/2018\/05\/2012-200x142.jpg 200w\" sizes=\"auto, (max-width: 260px) 100vw, 260px\" \/><\/a><\/div><!-- Story Description --><div class=\"ctl-description\"><p>\u00a0Inicia el desarrollo y producci\u00f3n de Etiquetas Cut &amp; Stack.<\/p>\n<\/div><\/div><\/div><!-- Timeline Content --><div  id=\"ctl-story-7219\" class=\"ctl-story ctl-story-icon even ctl-story-left\" data-aos=\"none\"   data-story-index=\"4\" role=\"article\"><!-- Story Icon --><div class=\"ctl-icon\"><i class=\"fa fa-clock-o\" aria-hidden=\"true\"><\/i><\/div> <!-- Story Arrow --><div class=\"ctl-arrow\"><\/div><!-- Story Content --><div class=\"ctl-content\"><!-- Story Title --><div class=\"ctl-title story-7219\" aria-label=\"2\"><a target=\"_self\" title=\"2011\" href=\"http:\/\/artesgraficasmodernas.com.ar\/index.php\/cool_timeline\/2011\/\" class=\"story-link\">2011<\/a><\/div><!-- Story Media --><div class=\"ctl-media full\"><a data-glightbox=\"2011\" href=\"http:\/\/artesgraficasmodernas.com.ar\/wp-content\/uploads\/2018\/05\/2011.jpg\" class=\"ctl_glightbox\"><img loading=\"lazy\" decoding=\"async\" width=\"200\" height=\"200\" src=\"http:\/\/artesgraficasmodernas.com.ar\/wp-content\/uploads\/2018\/05\/2011.jpg\" class=\"story-img wp-post-image\" alt=\"2011\" srcset=\"http:\/\/artesgraficasmodernas.com.ar\/wp-content\/uploads\/2018\/05\/2011.jpg 200w, http:\/\/artesgraficasmodernas.com.ar\/wp-content\/uploads\/2018\/05\/2011-150x150.jpg 150w, http:\/\/artesgraficasmodernas.com.ar\/wp-content\/uploads\/2018\/05\/2011-100x100.jpg 100w\" sizes=\"auto, (max-width: 200px) 100vw, 200px\" \/><\/a><\/div><!-- Story Description --><div class=\"ctl-description\"><p>Nueva tecnolog\u00eda en Pre Prensa, HD.<\/p>\n<\/div><\/div><\/div><!-- Timeline Content --><div  id=\"ctl-story-7218\" class=\"ctl-story ctl-story-icon odd ctl-story-right\" data-aos=\"none\"   data-story-index=\"5\" role=\"article\"><!-- Story Icon --><div class=\"ctl-icon\"><i class=\"fa fa-clock-o\" aria-hidden=\"true\"><\/i><\/div> <!-- Story Arrow --><div class=\"ctl-arrow\"><\/div><!-- Story Content --><div class=\"ctl-content\"><!-- Story Title --><div class=\"ctl-title story-7218\" aria-label=\"2\"><a target=\"_self\" title=\"2010\" href=\"http:\/\/artesgraficasmodernas.com.ar\/index.php\/cool_timeline\/2010\/\" class=\"story-link\">2010<\/a><\/div><!-- Story Media --><div class=\"ctl-media full\"><a data-glightbox=\"2010\" href=\"http:\/\/artesgraficasmodernas.com.ar\/wp-content\/uploads\/2018\/05\/2010.jpg\" class=\"ctl_glightbox\"><img loading=\"lazy\" decoding=\"async\" width=\"216\" height=\"190\" src=\"http:\/\/artesgraficasmodernas.com.ar\/wp-content\/uploads\/2018\/05\/2010.jpg\" class=\"story-img wp-post-image\" alt=\"2010\" srcset=\"http:\/\/artesgraficasmodernas.com.ar\/wp-content\/uploads\/2018\/05\/2010.jpg 216w, http:\/\/artesgraficasmodernas.com.ar\/wp-content\/uploads\/2018\/05\/2010-200x176.jpg 200w\" sizes=\"auto, (max-width: 216px) 100vw, 216px\" \/><\/a><\/div><!-- Story Description --><div class=\"ctl-description\"><p>Nueva Tecnolog\u00eda: Cyrel Fast.<\/p>\n<\/div><\/div><\/div><!-- Timeline Content --><div  id=\"ctl-story-7217\" class=\"ctl-story ctl-story-icon even ctl-story-left\" data-aos=\"none\"   data-story-index=\"6\" role=\"article\"><!-- Story Icon --><div class=\"ctl-icon\"><i class=\"fa fa-clock-o\" aria-hidden=\"true\"><\/i><\/div> <!-- Story Arrow --><div class=\"ctl-arrow\"><\/div><!-- Story Content --><div class=\"ctl-content\"><!-- Story Title --><div class=\"ctl-title story-7217\" aria-label=\"2\"><a target=\"_self\" title=\"2009\" href=\"http:\/\/artesgraficasmodernas.com.ar\/index.php\/cool_timeline\/2009\/\" class=\"story-link\">2009<\/a><\/div><!-- Story Media --><div class=\"ctl-media full\"><a data-glightbox=\"2009\" href=\"http:\/\/artesgraficasmodernas.com.ar\/wp-content\/uploads\/2018\/05\/2009.jpg\" class=\"ctl_glightbox\"><img loading=\"lazy\" decoding=\"async\" width=\"270\" height=\"190\" src=\"http:\/\/artesgraficasmodernas.com.ar\/wp-content\/uploads\/2018\/05\/2009.jpg\" class=\"story-img wp-post-image\" alt=\"2009\" srcset=\"http:\/\/artesgraficasmodernas.com.ar\/wp-content\/uploads\/2018\/05\/2009.jpg 270w, http:\/\/artesgraficasmodernas.com.ar\/wp-content\/uploads\/2018\/05\/2009-200x141.jpg 200w\" sizes=\"auto, (max-width: 270px) 100vw, 270px\" \/><\/a><\/div><!-- Story Description --><div class=\"ctl-description\"><p>Nuevo negocio en la Divisi\u00f3n Materiales: venta de materiales autoadhesivos y liners.<\/p>\n<\/div><\/div><\/div><!-- Timeline Content --><div  id=\"ctl-story-7216\" class=\"ctl-story ctl-story-icon odd ctl-story-right\" data-aos=\"none\"   data-story-index=\"7\" role=\"article\"><!-- Story Icon --><div class=\"ctl-icon\"><i class=\"fa fa-clock-o\" aria-hidden=\"true\"><\/i><\/div> <!-- Story Arrow --><div class=\"ctl-arrow\"><\/div><!-- Story Content --><div class=\"ctl-content\"><!-- Story Title --><div class=\"ctl-title story-7216\" aria-label=\"2\"><a target=\"_self\" title=\"2008\" href=\"http:\/\/artesgraficasmodernas.com.ar\/index.php\/cool_timeline\/2008\/\" class=\"story-link\">2008<\/a><\/div><!-- Story Media --><div class=\"ctl-media full\"><a data-glightbox=\"2008\" href=\"http:\/\/artesgraficasmodernas.com.ar\/wp-content\/uploads\/2018\/05\/2008.jpg\" class=\"ctl_glightbox\"><img loading=\"lazy\" decoding=\"async\" width=\"200\" height=\"200\" src=\"http:\/\/artesgraficasmodernas.com.ar\/wp-content\/uploads\/2018\/05\/2008.jpg\" class=\"story-img wp-post-image\" alt=\"2008\" srcset=\"http:\/\/artesgraficasmodernas.com.ar\/wp-content\/uploads\/2018\/05\/2008.jpg 200w, http:\/\/artesgraficasmodernas.com.ar\/wp-content\/uploads\/2018\/05\/2008-150x150.jpg 150w, http:\/\/artesgraficasmodernas.com.ar\/wp-content\/uploads\/2018\/05\/2008-100x100.jpg 100w\" sizes=\"auto, (max-width: 200px) 100vw, 200px\" \/><\/a><\/div><!-- Story Description --><div class=\"ctl-description\"><p>Nueva Tecnolog\u00eda en Pre Prensa Digital: CDI y CTP.<\/p>\n<\/div><\/div><\/div><!-- Timeline Content --><div  id=\"ctl-story-7215\" class=\"ctl-story ctl-story-icon even ctl-story-left\" data-aos=\"none\"   data-story-index=\"8\" role=\"article\"><!-- Story Icon --><div class=\"ctl-icon\"><i class=\"fa fa-clock-o\" aria-hidden=\"true\"><\/i><\/div> <!-- Story Arrow --><div class=\"ctl-arrow\"><\/div><!-- Story Content --><div class=\"ctl-content\"><!-- Story Title --><div class=\"ctl-title story-7215\" aria-label=\"2\"><a target=\"_self\" title=\"2006\" href=\"http:\/\/artesgraficasmodernas.com.ar\/index.php\/cool_timeline\/2006\/\" class=\"story-link\">2006<\/a><\/div><!-- Story Media --><div class=\"ctl-media full\"><a data-glightbox=\"2006\" href=\"http:\/\/artesgraficasmodernas.com.ar\/wp-content\/uploads\/2018\/05\/2006.jpg\" class=\"ctl_glightbox\"><img loading=\"lazy\" decoding=\"async\" width=\"270\" height=\"190\" src=\"http:\/\/artesgraficasmodernas.com.ar\/wp-content\/uploads\/2018\/05\/2006.jpg\" class=\"story-img wp-post-image\" alt=\"2006\" srcset=\"http:\/\/artesgraficasmodernas.com.ar\/wp-content\/uploads\/2018\/05\/2006.jpg 270w, http:\/\/artesgraficasmodernas.com.ar\/wp-content\/uploads\/2018\/05\/2006-200x141.jpg 200w\" sizes=\"auto, (max-width: 270px) 100vw, 270px\" \/><\/a><\/div><!-- Story Description --><div class=\"ctl-description\"><p>Nuevo negocio gr\u00e1fico: producci\u00f3n de Etiquetas termocontraibles (Shrink Sleeves labels).<\/p>\n<\/div><\/div><\/div><!-- Timeline Content --><div  id=\"ctl-story-7214\" class=\"ctl-story ctl-story-icon odd ctl-story-right\" data-aos=\"none\"   data-story-index=\"9\" role=\"article\"><!-- Story Icon --><div class=\"ctl-icon\"><i class=\"fa fa-clock-o\" aria-hidden=\"true\"><\/i><\/div> <!-- Story Arrow --><div class=\"ctl-arrow\"><\/div><!-- Story Content --><div class=\"ctl-content\"><!-- Story Title --><div class=\"ctl-title story-7214\" aria-label=\"2\"><a target=\"_self\" title=\"2005\" href=\"http:\/\/artesgraficasmodernas.com.ar\/index.php\/cool_timeline\/2005\/\" class=\"story-link\">2005<\/a><\/div><!-- Story Media --><div class=\"ctl-media full\"><a data-glightbox=\"2005\" href=\"http:\/\/artesgraficasmodernas.com.ar\/wp-content\/uploads\/2018\/05\/2005.jpg\" class=\"ctl_glightbox\"><img loading=\"lazy\" decoding=\"async\" width=\"200\" height=\"200\" src=\"http:\/\/artesgraficasmodernas.com.ar\/wp-content\/uploads\/2018\/05\/2005.jpg\" class=\"story-img wp-post-image\" alt=\"2005\" srcset=\"http:\/\/artesgraficasmodernas.com.ar\/wp-content\/uploads\/2018\/05\/2005.jpg 200w, http:\/\/artesgraficasmodernas.com.ar\/wp-content\/uploads\/2018\/05\/2005-150x150.jpg 150w, http:\/\/artesgraficasmodernas.com.ar\/wp-content\/uploads\/2018\/05\/2005-100x100.jpg 100w\" sizes=\"auto, (max-width: 200px) 100vw, 200px\" \/><\/a><\/div><!-- Story Description --><div class=\"ctl-description\"><p>Adquisici\u00f3n de maquina impresora con combinaci\u00f3n de sistemas de impresi\u00f3n y la incorporaci\u00f3n de Huecograbado.<\/p>\n<\/div><\/div><\/div><!-- Timeline Content --><div  id=\"ctl-story-7213\" class=\"ctl-story ctl-story-icon even ctl-story-left\" data-aos=\"none\"   data-story-index=\"10\" role=\"article\"><!-- Story Icon --><div class=\"ctl-icon\"><i class=\"fa fa-clock-o\" aria-hidden=\"true\"><\/i><\/div> <!-- Story Arrow --><div class=\"ctl-arrow\"><\/div><!-- Story Content --><div class=\"ctl-content\"><!-- Story Title --><div class=\"ctl-title story-7213\" aria-label=\"2\"><a target=\"_self\" title=\"2002\" href=\"http:\/\/artesgraficasmodernas.com.ar\/index.php\/cool_timeline\/2002\/\" class=\"story-link\">2002<\/a><\/div><!-- Story Media --><div class=\"ctl-media full\"><a data-glightbox=\"2002\" href=\"http:\/\/artesgraficasmodernas.com.ar\/wp-content\/uploads\/2018\/05\/2002.jpg\" class=\"ctl_glightbox\"><img loading=\"lazy\" decoding=\"async\" width=\"200\" height=\"200\" src=\"http:\/\/artesgraficasmodernas.com.ar\/wp-content\/uploads\/2018\/05\/2002.jpg\" class=\"story-img wp-post-image\" alt=\"2002\" srcset=\"http:\/\/artesgraficasmodernas.com.ar\/wp-content\/uploads\/2018\/05\/2002.jpg 200w, http:\/\/artesgraficasmodernas.com.ar\/wp-content\/uploads\/2018\/05\/2002-150x150.jpg 150w, http:\/\/artesgraficasmodernas.com.ar\/wp-content\/uploads\/2018\/05\/2002-100x100.jpg 100w\" sizes=\"auto, (max-width: 200px) 100vw, 200px\" \/><\/a><\/div><!-- Story Description --><div class=\"ctl-description\"><p>Nuevo negocio en la Divisi\u00f3n Maquinas: Centro de etiquetado, donde se aplican etiquetas autoadhesivas sobre todo tipo\u00a0de bobinas. 8.500 m\u00b2 109 personas.<\/p>\n<\/div><\/div><\/div>\t\t\t\t\t<\/div>\n\t\t\t\t\t<div class=\"ctl-end\"><\/div>\n\t\t\t\t\t<nav class=\"ctl-pagination\" aria-label=\"Timeline Navigation\"><span class=\"page-numbers ctl-page-num\" role=\"status\"> Page 1 of 3<\/span> <span aria-label=\"Page 1\" aria-current=\"page\" class=\"page-numbers current\">1<\/span>\n<a aria-label=\"Page 2\" class=\"page-numbers\" href=\"http:\/\/artesgraficasmodernas.com.ar\/index.php\/wp-json\/wp\/v2\/pages\/7192\/page\/2\/\">2<\/a>\n<a aria-label=\"Page 3\" class=\"page-numbers\" href=\"http:\/\/artesgraficasmodernas.com.ar\/index.php\/wp-json\/wp\/v2\/pages\/7192\/page\/3\/\">3<\/a>\n<a class=\"next page-numbers\" href=\"http:\/\/artesgraficasmodernas.com.ar\/index.php\/wp-json\/wp\/v2\/pages\/7192\/page\/2\/\"><svg xmlns=\"http:\/\/www.w3.org\/2000\/svg\" height=\"1em\" viewBox=\"0 0 448 512\">\n\t\t\t\t<path d=\"M224.3 273l-136 136c-9.4 9.4-24.6 9.4-33.9 0l-22.6-22.6c-9.4-9.4-9.4-24.6 0-33.9l96.4-96.4-96.4-96.4c-9.4-9.4-9.4-24.6 0-33.9L54.3 103c9.4-9.4 24.6-9.4 33.9 0l136 136c9.5 9.4 9.5 24.6.1 34zm192-34l-136-136c-9.4-9.4-24.6-9.4-33.9 0l-22.6 22.6c-9.4 9.4-9.4 24.6 0 33.9l96.4 96.4-96.4 96.4c-9.4 9.4-9.4 24.6 0 33.9l22.6 22.6c9.4 9.4 24.6 9.4 33.9 0l136-136c9.4-9.2 9.4-24.4 0-33.8z\"\/>\n\t\t\t\t<\/svg><\/a><\/nav>\t\t\t\t<\/div>\n\t\t\t<\/div>\n\t\t\t[\/vc_column_text][\/vc_column][\/vc_row]<\/p>\n","protected":false},"excerpt":{"rendered":"<p>Claritas est etiam processus dynamicus, qui sequitur mutationem consuetudium lectorum. Mirum est notare quam littera gothica, quam nunc putamus parum claram, anteposuerit litterarum formas humanitatis per seacula quarta decima et quinta decima. Eodem modo typi, qui nunc nobis videntur parum clari, fiant sollemnes in futurum.<\/p>\n","protected":false},"author":1,"featured_media":0,"parent":0,"menu_order":0,"comment_status":"closed","ping_status":"closed","template":"page-vc.php","meta":{"om_disable_all_campaigns":false,"_monsterinsights_skip_tracking":false,"_monsterinsights_sitenote_active":false,"_monsterinsights_sitenote_note":"","_monsterinsights_sitenote_category":0,"footnotes":""},"class_list":["post-7192","page","type-page","status-publish","hentry"],"_links":{"self":[{"href":"http:\/\/artesgraficasmodernas.com.ar\/index.php\/wp-json\/wp\/v2\/pages\/7192","targetHints":{"allow":["GET"]}}],"collection":[{"href":"http:\/\/artesgraficasmodernas.com.ar\/index.php\/wp-json\/wp\/v2\/pages"}],"about":[{"href":"http:\/\/artesgraficasmodernas.com.ar\/index.php\/wp-json\/wp\/v2\/types\/page"}],"author":[{"embeddable":true,"href":"http:\/\/artesgraficasmodernas.com.ar\/index.php\/wp-json\/wp\/v2\/users\/1"}],"replies":[{"embeddable":true,"href":"http:\/\/artesgraficasmodernas.com.ar\/index.php\/wp-json\/wp\/v2\/comments?post=7192"}],"version-history":[{"count":5,"href":"http:\/\/artesgraficasmodernas.com.ar\/index.php\/wp-json\/wp\/v2\/pages\/7192\/revisions"}],"predecessor-version":[{"id":7440,"href":"http:\/\/artesgraficasmodernas.com.ar\/index.php\/wp-json\/wp\/v2\/pages\/7192\/revisions\/7440"}],"wp:attachment":[{"href":"http:\/\/artesgraficasmodernas.com.ar\/index.php\/wp-json\/wp\/v2\/media?parent=7192"}],"curies":[{"name":"wp","href":"https:\/\/api.w.org\/{rel}","templated":true}]}}