{"id":5894,"date":"2018-01-24T15:30:23","date_gmt":"2018-01-24T15:30:23","guid":{"rendered":"http:\/\/artesgraficasmodernas.com.ar\/?page_id=5894"},"modified":"2018-05-11T14:12:01","modified_gmt":"2018-05-11T14:12:01","slug":"marketing-digital","status":"publish","type":"page","link":"http:\/\/artesgraficasmodernas.com.ar\/index.php\/marketing-digital\/","title":{"rendered":"Marketing Digital"},"content":{"rendered":"<p>[vc_row background_color=&#8221;#dd3333&#8243; padding_bottom=&#8221;&#8221;][vc_column width=&#8221;1\/4&#8243;][\/vc_column][vc_column width=&#8221;1\/2&#8243;][vc_empty_space height=&#8221;20px&#8221;][vc_custom_heading text=&#8221;DIVISI\u00d3N GR\u00c1FICA&#8221; font_container=&#8221;tag:h2|font_size:30|text_align:center|color:%23ffffff&#8221; use_theme_fonts=&#8221;yes&#8221;]<div class=\"sep-wrap element-animate element-animate-false center nz-clearfix\" data-effect=\"none\"><div class=\"nz-separator solid\" style=\"border-bottom-color:#5ba9df;width:50px;border-bottom-width:1px;border-bottom-style:solid;margin-top:15px;margin-bottom:2px;\">&nbsp;<\/div><\/div><div class=\"sep-wrap element-animate element-animate-false center nz-clearfix\" data-effect=\"none\"><div class=\"nz-separator solid\" style=\"border-bottom-color:#54dc64;width:100px;border-bottom-width:1px;border-bottom-style:solid;margin-bottom:2px;\">&nbsp;<\/div><\/div><div class=\"sep-wrap element-animate element-animate-false center nz-clearfix\" data-effect=\"none\"><div class=\"nz-separator solid\" style=\"border-bottom-color:#ffc000;width:50px;border-bottom-width:1px;border-bottom-style:solid;margin-bottom:20px;\">&nbsp;<\/div><\/div>[\/vc_column][vc_column width=&#8221;1\/4&#8243;][vc_empty_space height=&#8221;30px&#8221;][vc_btn title=&#8221;VOLVER&#8221; style=&#8221;outline-custom&#8221; outline_custom_color=&#8221;#ffffff&#8221; outline_custom_hover_background=&#8221;#e2e2e2&#8243; outline_custom_hover_text=&#8221;#ffffff&#8221; shape=&#8221;square&#8221; size=&#8221;xs&#8221; i_align=&#8221;right&#8221; i_icon_fontawesome=&#8221;fa fa-share&#8221; add_icon=&#8221;true&#8221; link=&#8221;url:http%3A%2F%2Fartesgraficasmodernas.com.ar%2Findex.php%2Fproduc-grafica%2F|||&#8221;][\/vc_column][\/vc_row][vc_row padding_top=&#8221;50&#8243; padding_bottom=&#8221;0&#8243;][vc_column width=&#8221;1\/3&#8243;][vc_empty_space height=&#8221;60px&#8221;][vc_single_image image=&#8221;6922&#8243; img_size=&#8221;full&#8221; alignment=&#8221;center&#8221;][vc_column_text]<\/p>\n<p class=\"Default\" style=\"text-align: center; color: #000000;\"><span lang=\"ES-AR\" style=\"font-size: 22px;\"><span style=\"font-size: 18px;\">Cuando el desaf\u00edo es un trabajo peque\u00f1o, exclusivo, original y personal, la respuesta es poder dar la mejor calidad adaptada a las necesidades del producto, del mercado y de los clientes. Las impresiones digitales buscan crear el mismo producto para comercializarlo de manera diferente seg\u00fan el destinatario. Ahora podemos brindar atenci\u00f3n personalizada y asesoramiento, calidad de impresi\u00f3n y realizar la cantidad necesaria, entregando definici\u00f3n y colores exactos, todo en un sistema de bajo costo y r\u00e1pido.<\/span> <\/span><\/p>\n<p>[\/vc_column_text][\/vc_column][vc_column width=&#8221;2\/3&#8243;][vc_column_text]<img loading=\"lazy\" decoding=\"async\" class=\"wp-image-5916 aligncenter\" src=\"http:\/\/artesgraficasmodernas.com.ar\/wp-content\/uploads\/2018\/01\/productos-digital-general.png\" alt=\"\" width=\"800\" height=\"706\" srcset=\"http:\/\/artesgraficasmodernas.com.ar\/wp-content\/uploads\/2018\/01\/productos-digital-general.png 907w, http:\/\/artesgraficasmodernas.com.ar\/wp-content\/uploads\/2018\/01\/productos-digital-general-600x529.png 600w, http:\/\/artesgraficasmodernas.com.ar\/wp-content\/uploads\/2018\/01\/productos-digital-general-300x265.png 300w, http:\/\/artesgraficasmodernas.com.ar\/wp-content\/uploads\/2018\/01\/productos-digital-general-768x677.png 768w\" sizes=\"auto, (max-width: 800px) 100vw, 800px\" \/>[\/vc_column_text][\/vc_column][\/vc_row][vc_row padding_top=&#8221;0&#8243; padding_bottom=&#8221;0&#8243;][vc_column][vc_separator css=&#8221;.vc_custom_1516718440714{margin-top: 30px !important;margin-bottom: 30px !important;}&#8221;][vc_column_text]<\/p>\n<h3 style=\"text-align: left; color: #000000;\">Tecnolog\u00eda<\/h3>\n<p>[\/vc_column_text][vc_column_text]<\/p>\n<p class=\"Default\" style=\"text-align: left; color: #000000;\"><span lang=\"ES-AR\" style=\"font-size: 16px;\">Impresi\u00f3n de distintos productos directamente desde archivos digitales, sin necesidad de pel\u00edculas, cromalines, pol\u00edmeros, planchas ni ninguna otra forma impresora. <\/span><\/p>\n<p class=\"Default\" style=\"text-align: left; color: #000000;\"><span lang=\"ES-AR\" style=\"font-size: 11.0pt;\"><span style=\"font-size: 16px;\">Offset Digital: impresi\u00f3n hasta 7 colores.<\/span> <\/span><\/p>\n<p>[\/vc_column_text][vc_separator css=&#8221;.vc_custom_1516718440714{margin-top: 30px !important;margin-bottom: 30px !important;}&#8221;][vc_column_text]<\/p>\n<h3 style=\"text-align: left; color: #000000;\">Beneficios<\/h3>\n<p>[\/vc_column_text][vc_column_text]<\/p>\n<p style=\"text-align: left; color: #000000;\"><span lang=\"ES-AR\" style=\"font-size: 16px;\">Generar pedidos sobre demanda: pida solamente los impresos que necesita a partir de 1 (una) unidad. <\/span><\/p>\n<p style=\"text-align: left; color: #000000;\"><span lang=\"ES-AR\" style=\"font-size: 16px;\">Incrementar la efectividad de marketing: usted puede llegar a sus clientes de manera personalizada. La soluci\u00f3n de Marketing Digital es ofrecer oportunidades para dirigir mensajes uno a uno mediante la impresi\u00f3n de datos variables. <\/span><\/p>\n<p style=\"text-align: left; color: #000000;\"><span lang=\"ES-AR\" style=\"font-size: 11.0pt;\"><span style=\"font-size: 16px;\">Ahorrar en costos de impresi\u00f3n: el costo total del dise\u00f1o, producci\u00f3n e impresi\u00f3n se reducir\u00e1 significativamente. El desperdicio de material gr\u00e1fico del producto por la obsolescencia de la informaci\u00f3n, se reducir\u00e1 a cero.<\/span> <\/span><\/p>\n<p>[\/vc_column_text][vc_empty_space height=&#8221;20px&#8221;][vc_row_inner css=&#8221;.vc_custom_1522960486241{background-color: #ffcc99 !important;}&#8221;][vc_column_inner width=&#8221;1\/2&#8243;][vc_custom_heading text=&#8221;Personalizaci\u00f3n \/ Dato Variable&#8221; font_container=&#8221;tag:h4|font_size:20|text_align:left|color:%23000000&#8243; use_theme_fonts=&#8221;yes&#8221; css=&#8221;.vc_custom_1522173824340{margin-bottom: 50px !important;}&#8221;]<ul class=\"nz-i-list circle\"><li><div><span class=\"icon icon-checkmark\" style=\"color:#ffffff;background-color:#dd3333;\"><\/span><\/div><div>Numeraci\u00f3n de partidas<\/div><\/li><li><div><span class=\"icon icon-checkmark\" style=\"color:#ffffff;background-color:#dd3333;\"><\/span><\/div><div>Ediciones especiales<\/div><\/li><li><div><span class=\"icon icon-checkmark\" style=\"color:#ffffff;background-color:#dd3333;\"><\/span><\/div><div>Vouchers, cupones de descuento<\/div><\/li><li><div><span class=\"icon icon-checkmark\" style=\"color:#ffffff;background-color:#dd3333;\"><\/span><\/div><div>Premios instant\u00e1neos<\/div><\/li><\/ul>[\/vc_column_inner][vc_column_inner width=&#8221;1\/2&#8243;][vc_custom_heading text=&#8221;Desarrollo de productos&#8221; font_container=&#8221;tag:h4|font_size:20|text_align:left|color:%23000000&#8243; use_theme_fonts=&#8221;yes&#8221; css=&#8221;.vc_custom_1522173836330{margin-bottom: 50px !important;}&#8221;]<ul class=\"nz-i-list circle\"><li><div><span class=\"icon icon-checkmark\" style=\"color:#ffffff;background-color:#dd3333;\"><\/span><\/div><div>Muestras de color<\/div><\/li><li><div><span class=\"icon icon-checkmark\" style=\"color:#ffffff;background-color:#dd3333;\"><\/span><\/div><div>Muestras de productos <\/div><\/li><\/ul>[\/vc_column_inner][\/vc_row_inner][\/vc_column][\/vc_row][vc_row background_color=&#8221;#dd3333&#8243;][vc_column][vc_empty_space][vc_column_text]<\/p>\n<h3 style=\"text-align: left; color: #ffffff;\">Galer\u00eda de Impresi\u00f3n Digital<\/h3>\n<p>[\/vc_column_text][\/vc_column][\/vc_row][vc_row][vc_column][vc_row_inner gap=&#8221;30&#8243;][vc_column_inner width=&#8221;1\/4&#8243;][vc_column_text]<a href=\"http:\/\/artesgraficasmodernas.com.ar\/wp-content\/uploads\/2018\/01\/EDICIO\u0301N-LIMITADA-AUTOADHESIVA.jpg\"><img loading=\"lazy\" decoding=\"async\" class=\"aligncenter wp-image-5900 size-thumbnail\" src=\"http:\/\/artesgraficasmodernas.com.ar\/wp-content\/uploads\/2018\/01\/EDICIO\u0301N-LIMITADA-AUTOADHESIVA-detalle-150x150.jpg\" alt=\"\" width=\"150\" height=\"150\" srcset=\"http:\/\/artesgraficasmodernas.com.ar\/wp-content\/uploads\/2018\/01\/EDICIO\u0301N-LIMITADA-AUTOADHESIVA-detalle-150x150.jpg 150w, http:\/\/artesgraficasmodernas.com.ar\/wp-content\/uploads\/2018\/01\/EDICIO\u0301N-LIMITADA-AUTOADHESIVA-detalle-100x100.jpg 100w, http:\/\/artesgraficasmodernas.com.ar\/wp-content\/uploads\/2018\/01\/EDICIO\u0301N-LIMITADA-AUTOADHESIVA-detalle.jpg 200w\" sizes=\"auto, (max-width: 150px) 100vw, 150px\" \/><\/a>[\/vc_column_text][vc_empty_space height=&#8221;10px&#8221;][vc_column_text]<\/p>\n<p style=\"text-align: center;\"><span style=\"font-size: 12px;\">MATERIAL METALIZADO<\/span><\/p>\n<p>[\/vc_column_text][\/vc_column_inner][vc_column_inner width=&#8221;1\/4&#8243;][vc_column_text]<a href=\"http:\/\/artesgraficasmodernas.com.ar\/wp-content\/uploads\/2018\/01\/Mock-up.jpg\"><img loading=\"lazy\" decoding=\"async\" class=\"aligncenter wp-image-5904 size-thumbnail\" src=\"http:\/\/artesgraficasmodernas.com.ar\/wp-content\/uploads\/2018\/01\/Mock-up-detalle-150x150.jpg\" alt=\"Impresi\u00f3n de material flexible, autoadhesivo, estuches, termocontraibles e in mold.\" width=\"150\" height=\"150\" srcset=\"http:\/\/artesgraficasmodernas.com.ar\/wp-content\/uploads\/2018\/01\/Mock-up-detalle-150x150.jpg 150w, http:\/\/artesgraficasmodernas.com.ar\/wp-content\/uploads\/2018\/01\/Mock-up-detalle-100x100.jpg 100w, http:\/\/artesgraficasmodernas.com.ar\/wp-content\/uploads\/2018\/01\/Mock-up-detalle.jpg 200w\" sizes=\"auto, (max-width: 150px) 100vw, 150px\" \/><\/a>[\/vc_column_text][vc_empty_space height=&#8221;10px&#8221;][vc_column_text]<\/p>\n<p style=\"text-align: center;\"><span style=\"font-size: 12px;\">DISE\u00d1O MOCK UP<\/span><\/p>\n<p>[\/vc_column_text][\/vc_column_inner][vc_column_inner width=&#8221;1\/4&#8243;][vc_column_text]<a href=\"http:\/\/artesgraficasmodernas.com.ar\/wp-content\/uploads\/2018\/01\/Mock-up-nuevo-lanzamiento-1.jpg\"><img loading=\"lazy\" decoding=\"async\" class=\"aligncenter wp-image-5908 size-thumbnail\" src=\"http:\/\/artesgraficasmodernas.com.ar\/wp-content\/uploads\/2018\/01\/Mock-up-nuevo-lanzamiento-detalle-150x150.jpg\" alt=\"Etiqueta autoadhesiva en material metalizado para envases flexibles (squeezable).\" width=\"150\" height=\"150\" srcset=\"http:\/\/artesgraficasmodernas.com.ar\/wp-content\/uploads\/2018\/01\/Mock-up-nuevo-lanzamiento-detalle-150x150.jpg 150w, http:\/\/artesgraficasmodernas.com.ar\/wp-content\/uploads\/2018\/01\/Mock-up-nuevo-lanzamiento-detalle-100x100.jpg 100w, http:\/\/artesgraficasmodernas.com.ar\/wp-content\/uploads\/2018\/01\/Mock-up-nuevo-lanzamiento-detalle.jpg 200w\" sizes=\"auto, (max-width: 150px) 100vw, 150px\" \/><\/a>[\/vc_column_text][vc_empty_space height=&#8221;10px&#8221;][vc_column_text]<\/p>\n<p style=\"text-align: center;\"><span style=\"font-size: 12px;\">DISE\u00d1O ETIQUETA METALIZADA<\/span><\/p>\n<p>[\/vc_column_text][\/vc_column_inner][vc_column_inner width=&#8221;1\/4&#8243;][vc_column_text]<a href=\"http:\/\/artesgraficasmodernas.com.ar\/wp-content\/uploads\/2018\/01\/NUMERACION-VARIABLE.jpg\"><img loading=\"lazy\" decoding=\"async\" class=\"aligncenter wp-image-5909 size-thumbnail\" src=\"http:\/\/artesgraficasmodernas.com.ar\/wp-content\/uploads\/2018\/01\/NUMERACION-VARIABLE-DETALLE-150x150.jpg\" alt=\"\" width=\"150\" height=\"150\" srcset=\"http:\/\/artesgraficasmodernas.com.ar\/wp-content\/uploads\/2018\/01\/NUMERACION-VARIABLE-DETALLE-150x150.jpg 150w, http:\/\/artesgraficasmodernas.com.ar\/wp-content\/uploads\/2018\/01\/NUMERACION-VARIABLE-DETALLE-100x100.jpg 100w, http:\/\/artesgraficasmodernas.com.ar\/wp-content\/uploads\/2018\/01\/NUMERACION-VARIABLE-DETALLE.jpg 200w\" sizes=\"auto, (max-width: 150px) 100vw, 150px\" \/><\/a>[\/vc_column_text][vc_empty_space height=&#8221;10px&#8221;][vc_column_text]<\/p>\n<p style=\"text-align: center;\"><span style=\"font-size: 12px;\">NUMERACI\u00d3N VARIABLE<\/span><\/p>\n<p>[\/vc_column_text][\/vc_column_inner][\/vc_row_inner][vc_row_inner gap=&#8221;30&#8243;][vc_column_inner width=&#8221;1\/4&#8243;][vc_column_text]<a href=\"http:\/\/artesgraficasmodernas.com.ar\/wp-content\/uploads\/2018\/01\/clight-edicion-limitada.jpg\"><img loading=\"lazy\" decoding=\"async\" class=\"aligncenter wp-image-5911 size-thumbnail\" src=\"http:\/\/artesgraficasmodernas.com.ar\/wp-content\/uploads\/2018\/01\/clight-edicion-limitada-detalle-150x150.jpg\" alt=\"Etiquetas termocontraibles con diferentes dise\u00f1os.\" width=\"150\" height=\"150\" srcset=\"http:\/\/artesgraficasmodernas.com.ar\/wp-content\/uploads\/2018\/01\/clight-edicion-limitada-detalle-150x150.jpg 150w, http:\/\/artesgraficasmodernas.com.ar\/wp-content\/uploads\/2018\/01\/clight-edicion-limitada-detalle-100x100.jpg 100w, http:\/\/artesgraficasmodernas.com.ar\/wp-content\/uploads\/2018\/01\/clight-edicion-limitada-detalle.jpg 200w\" sizes=\"auto, (max-width: 150px) 100vw, 150px\" \/><\/a>[\/vc_column_text][vc_empty_space height=&#8221;10px&#8221;][vc_column_text]<\/p>\n<p style=\"text-align: center;\"><span style=\"font-size: 12px;\">ACCI\u00d3N PROMOCIONAL<\/span><\/p>\n<p>[\/vc_column_text][\/vc_column_inner][vc_column_inner width=&#8221;1\/4&#8243;][vc_column_text]<a href=\"http:\/\/artesgraficasmodernas.com.ar\/wp-content\/uploads\/2018\/01\/dato-variable-Premios.png\"><img loading=\"lazy\" decoding=\"async\" class=\"aligncenter wp-image-5913 size-thumbnail\" src=\"http:\/\/artesgraficasmodernas.com.ar\/wp-content\/uploads\/2018\/01\/dato-variable-Premios-detalle-150x150.jpg\" alt=\"Tarjeta con informaci\u00f3n variable \u00fanica, irrepetible combinando c\u00f3digos y colores.\" width=\"150\" height=\"150\" srcset=\"http:\/\/artesgraficasmodernas.com.ar\/wp-content\/uploads\/2018\/01\/dato-variable-Premios-detalle-150x150.jpg 150w, http:\/\/artesgraficasmodernas.com.ar\/wp-content\/uploads\/2018\/01\/dato-variable-Premios-detalle-100x100.jpg 100w, http:\/\/artesgraficasmodernas.com.ar\/wp-content\/uploads\/2018\/01\/dato-variable-Premios-detalle.jpg 200w\" sizes=\"auto, (max-width: 150px) 100vw, 150px\" \/><\/a>[\/vc_column_text][vc_empty_space height=&#8221;10px&#8221;][vc_column_text]<\/p>\n<p style=\"text-align: center;\"><span style=\"font-size: 12px;\">PREMIOS INSTANT\u00c1NEOS<\/span><\/p>\n<p>[\/vc_column_text][\/vc_column_inner][vc_column_inner width=&#8221;1\/4&#8243;][vc_column_text]<a href=\"http:\/\/artesgraficasmodernas.com.ar\/wp-content\/uploads\/2018\/01\/personalizacion.jpg\"><img loading=\"lazy\" decoding=\"async\" class=\"aligncenter wp-image-5780 size-thumbnail\" src=\"http:\/\/artesgraficasmodernas.com.ar\/wp-content\/uploads\/2018\/01\/personalizacion-detalle-150x150.jpg\" alt=\"Etiquetas termocontraibles con diferentes dise\u00f1os aplicados en latas.\" width=\"150\" height=\"150\" srcset=\"http:\/\/artesgraficasmodernas.com.ar\/wp-content\/uploads\/2018\/01\/personalizacion-detalle-150x150.jpg 150w, http:\/\/artesgraficasmodernas.com.ar\/wp-content\/uploads\/2018\/01\/personalizacion-detalle-100x100.jpg 100w, http:\/\/artesgraficasmodernas.com.ar\/wp-content\/uploads\/2018\/01\/personalizacion-detalle.jpg 200w\" sizes=\"auto, (max-width: 150px) 100vw, 150px\" \/><\/a>[\/vc_column_text][vc_empty_space height=&#8221;10px&#8221;][vc_column_text]<\/p>\n<p style=\"text-align: center;\"><span style=\"font-size: 12px;\">CAMPA\u00d1A CARNAVAL<\/span><\/p>\n<p>[\/vc_column_text][\/vc_column_inner][\/vc_row_inner][\/vc_column][\/vc_row]<\/p>\n","protected":false},"excerpt":{"rendered":"<p>Claritas est etiam processus dynamicus, qui sequitur mutationem consuetudium lectorum. Mirum est notare quam littera gothica, quam nunc putamus parum claram, anteposuerit litterarum formas humanitatis per seacula quarta decima et quinta decima. Eodem modo typi, qui nunc nobis videntur parum clari, fiant sollemnes in futurum.<\/p>\n","protected":false},"author":1,"featured_media":0,"parent":0,"menu_order":0,"comment_status":"closed","ping_status":"closed","template":"page-vc.php","meta":{"om_disable_all_campaigns":false,"_monsterinsights_skip_tracking":false,"_monsterinsights_sitenote_active":false,"_monsterinsights_sitenote_note":"","_monsterinsights_sitenote_category":0,"footnotes":""},"class_list":["post-5894","page","type-page","status-publish","hentry"],"_links":{"self":[{"href":"http:\/\/artesgraficasmodernas.com.ar\/index.php\/wp-json\/wp\/v2\/pages\/5894","targetHints":{"allow":["GET"]}}],"collection":[{"href":"http:\/\/artesgraficasmodernas.com.ar\/index.php\/wp-json\/wp\/v2\/pages"}],"about":[{"href":"http:\/\/artesgraficasmodernas.com.ar\/index.php\/wp-json\/wp\/v2\/types\/page"}],"author":[{"embeddable":true,"href":"http:\/\/artesgraficasmodernas.com.ar\/index.php\/wp-json\/wp\/v2\/users\/1"}],"replies":[{"embeddable":true,"href":"http:\/\/artesgraficasmodernas.com.ar\/index.php\/wp-json\/wp\/v2\/comments?post=5894"}],"version-history":[{"count":24,"href":"http:\/\/artesgraficasmodernas.com.ar\/index.php\/wp-json\/wp\/v2\/pages\/5894\/revisions"}],"predecessor-version":[{"id":7293,"href":"http:\/\/artesgraficasmodernas.com.ar\/index.php\/wp-json\/wp\/v2\/pages\/5894\/revisions\/7293"}],"wp:attachment":[{"href":"http:\/\/artesgraficasmodernas.com.ar\/index.php\/wp-json\/wp\/v2\/media?parent=5894"}],"curies":[{"name":"wp","href":"https:\/\/api.w.org\/{rel}","templated":true}]}}