{"id":5826,"date":"2018-01-23T14:47:51","date_gmt":"2018-01-23T14:47:51","guid":{"rendered":"http:\/\/artesgraficasmodernas.com.ar\/?page_id=5826"},"modified":"2018-05-11T13:48:59","modified_gmt":"2018-05-11T13:48:59","slug":"in-mold","status":"publish","type":"page","link":"http:\/\/artesgraficasmodernas.com.ar\/index.php\/in-mold\/","title":{"rendered":"In Mold"},"content":{"rendered":"<p>[vc_row background_color=&#8221;#dd3333&#8243; padding_bottom=&#8221;&#8221;][vc_column width=&#8221;1\/4&#8243;][\/vc_column][vc_column width=&#8221;1\/2&#8243;][vc_empty_space height=&#8221;20px&#8221;][vc_custom_heading text=&#8221;DIVISI\u00d3N GR\u00c1FICA&#8221; font_container=&#8221;tag:h2|font_size:30|text_align:center|color:%23ffffff&#8221; use_theme_fonts=&#8221;yes&#8221;]<div class=\"sep-wrap element-animate element-animate-false center nz-clearfix\" data-effect=\"none\"><div class=\"nz-separator solid\" style=\"border-bottom-color:#5ba9df;width:50px;border-bottom-width:1px;border-bottom-style:solid;margin-top:15px;margin-bottom:2px;\">&nbsp;<\/div><\/div><div class=\"sep-wrap element-animate element-animate-false center nz-clearfix\" data-effect=\"none\"><div class=\"nz-separator solid\" style=\"border-bottom-color:#54dc64;width:100px;border-bottom-width:1px;border-bottom-style:solid;margin-bottom:2px;\">&nbsp;<\/div><\/div><div class=\"sep-wrap element-animate element-animate-false center nz-clearfix\" data-effect=\"none\"><div class=\"nz-separator solid\" style=\"border-bottom-color:#ffc000;width:50px;border-bottom-width:1px;border-bottom-style:solid;margin-bottom:20px;\">&nbsp;<\/div><\/div>[\/vc_column][vc_column width=&#8221;1\/4&#8243;][vc_empty_space height=&#8221;30px&#8221;][vc_btn title=&#8221;VOLVER&#8221; style=&#8221;outline-custom&#8221; outline_custom_color=&#8221;#ffffff&#8221; outline_custom_hover_background=&#8221;#e2e2e2&#8243; outline_custom_hover_text=&#8221;#ffffff&#8221; shape=&#8221;square&#8221; size=&#8221;xs&#8221; i_align=&#8221;right&#8221; i_icon_fontawesome=&#8221;fa fa-share&#8221; add_icon=&#8221;true&#8221; link=&#8221;url:http%3A%2F%2Fartesgraficasmodernas.com.ar%2Findex.php%2Fproduc-grafica%2F|||&#8221;][\/vc_column][\/vc_row][vc_row padding_top=&#8221;50&#8243; padding_bottom=&#8221;0&#8243;][vc_column width=&#8221;1\/3&#8243;][vc_empty_space][vc_single_image image=&#8221;5096&#8243; img_size=&#8221;medium&#8221; alignment=&#8221;center&#8221;][vc_column_text]<\/p>\n<p style=\"text-align: center; color: #000000;\"><span style=\"font-size: 18px;\">In Mold consiste b\u00e1sicamente en una t\u00e9cnica que permite que las etiquetas se\u00a0adhieran de forma directa a los envases de pl\u00e1stico mientras \u00e9stos est\u00e1n siendo formados.<\/span><\/p>\n<p style=\"text-align: center; color: #000000;\"><span style=\"font-size: 18px;\">Se imprimen sobre films especiales, que permiten fusionarse mediante procedimientos t\u00e9rmicos al envase de manera permanente y duradera.<\/span><\/p>\n<p>[\/vc_column_text][\/vc_column][vc_column width=&#8221;2\/3&#8243;][vc_column_text]<img loading=\"lazy\" decoding=\"async\" class=\"aligncenter wp-image-5827\" src=\"http:\/\/artesgraficasmodernas.com.ar\/wp-content\/uploads\/2018\/01\/in-mold.png\" alt=\"\" width=\"800\" height=\"706\" srcset=\"http:\/\/artesgraficasmodernas.com.ar\/wp-content\/uploads\/2018\/01\/in-mold.png 907w, http:\/\/artesgraficasmodernas.com.ar\/wp-content\/uploads\/2018\/01\/in-mold-600x529.png 600w, http:\/\/artesgraficasmodernas.com.ar\/wp-content\/uploads\/2018\/01\/in-mold-300x265.png 300w, http:\/\/artesgraficasmodernas.com.ar\/wp-content\/uploads\/2018\/01\/in-mold-768x677.png 768w\" sizes=\"auto, (max-width: 800px) 100vw, 800px\" \/>[\/vc_column_text][\/vc_column][\/vc_row][vc_row padding_top=&#8221;0&#8243; padding_bottom=&#8221;0&#8243;][vc_column][vc_empty_space][vc_separator][vc_custom_heading text=&#8221;Ventajas para el cliente del proceso de etiquetado IML:&#8221; font_container=&#8221;tag:h2|font_size:20|text_align:left&#8221; use_theme_fonts=&#8221;yes&#8221; css=&#8221;.vc_custom_1522089848490{margin-top: 50px !important;margin-bottom: 50px !important;}&#8221;]<ul class=\"nz-i-list circle\"><li><div><span class=\"icon icon-checkmark\" style=\"color:#ffffff;background-color:#dd3333;\"><\/span><\/div><div>Integra en una sola etapa de manufactura, tanto la elaboraci\u00f3n como el decorado de sus productos.<\/div><\/li><li><div><span class=\"icon icon-checkmark\" style=\"color:#ffffff;background-color:#dd3333;\"><\/span><\/div><div>Elimina el proceso de etiquetado en su l\u00ednea de producci\u00f3n.<\/div><\/li><li><div><span class=\"icon icon-checkmark\" style=\"color:#ffffff;background-color:#dd3333;\"><\/span><\/div><div>Agiliza el proceso de envasado.<\/div><\/li><li><div><span class=\"icon icon-checkmark\" style=\"color:#ffffff;background-color:#dd3333;\"><\/span><\/div><div>Mejora la productividad.<\/div><\/li><li><div><span class=\"icon icon-checkmark\" style=\"color:#ffffff;background-color:#dd3333;\"><\/span><\/div><div>Reduce inventarios, ya que el envase llega con la etiqueta colocada.<\/div><\/li><\/ul>[vc_separator css=&#8221;.vc_custom_1516718440714{margin-top: 30px !important;margin-bottom: 30px !important;}&#8221;][vc_custom_heading text=&#8221;Informaci\u00f3n t\u00e9cnica&#8221; font_container=&#8221;tag:h4|font_size:20|text_align:left&#8221; use_theme_fonts=&#8221;yes&#8221; css=&#8221;.vc_custom_1516718424629{margin-bottom: 50px !important;}&#8221;][vc_column_text]<\/p>\n<p style=\"text-align: left; color: #000000 !important;\">La impresi\u00f3n se realiza sobre una pel\u00edcula pl\u00e1stica multicapa o bien un papel especial, que posee las caracter\u00edsticas adecuadas para fundirse sobre los envases pl\u00e1sticos formando parte del mismo.<\/p>\n<p style=\"text-align: left; color: #000000 !important;\">El material de Polipropileno, en el cual pueden conformarse las etiquetas In Mold, puede ser blanco o transparente, y pueden tener un aspecto brillante o mate.<\/p>\n<p style=\"text-align: left; color: #000000 !important;\">Desde el punto de vista ecol\u00f3gico, al ser la etiqueta, en muchos casos, del mismo material que el envase, permite que el conjunto pueda ser recuperado y procesado por cualquiera de las tecnolog\u00edas disponibles de reciclado, posibilitando la obtenci\u00f3n de productos tales como bancos de plazas, postes de alumbrado, etc.<\/p>\n<p>[\/vc_column_text][vc_separator css=&#8221;.vc_custom_1516718440714{margin-top: 30px !important;margin-bottom: 30px !important;}&#8221;][vc_custom_heading text=&#8221;Efectos especiales&#8221; font_container=&#8221;tag:h2|font_size:20|text_align:left&#8221; use_theme_fonts=&#8221;yes&#8221; css=&#8221;.vc_custom_1522089877347{margin-bottom: 50px !important;}&#8221;][vc_column_text]<\/p>\n<p style=\"text-align: left; color: #000000 !important;\">AGM imprime etiquetas en material para aplicaci\u00f3n In Mold, ya sea para ser utilizadas en m\u00e1quinas de inyecci\u00f3n o soplado.<\/p>\n<p style=\"text-align: left; color: #000000 !important;\">Ofreciendo diversos sistemas de impresi\u00f3n para darle a la imagen de la etiqueta, caracter\u00edsticas personales y especiales que hagan de la etiqueta In Mold un elemento \u00fanico de decoraci\u00f3n y comunicaci\u00f3n.<\/p>\n<p>[\/vc_column_text][\/vc_column][\/vc_row][vc_row][vc_column][vc_row_inner gap=&#8221;30&#8243;][vc_column_inner width=&#8221;1\/4&#8243;][vc_column_text]<a href=\"http:\/\/artesgraficasmodernas.com.ar\/wp-content\/uploads\/2018\/01\/Metalizado.jpg\"><img loading=\"lazy\" decoding=\"async\" class=\"aligncenter wp-image-5841 size-thumbnail\" src=\"http:\/\/artesgraficasmodernas.com.ar\/wp-content\/uploads\/2018\/01\/Metalizado-detalle-150x150.jpg\" alt=\"\" width=\"150\" height=\"150\" srcset=\"http:\/\/artesgraficasmodernas.com.ar\/wp-content\/uploads\/2018\/01\/Metalizado-detalle-150x150.jpg 150w, http:\/\/artesgraficasmodernas.com.ar\/wp-content\/uploads\/2018\/01\/Metalizado-detalle-100x100.jpg 100w, http:\/\/artesgraficasmodernas.com.ar\/wp-content\/uploads\/2018\/01\/Metalizado-detalle.jpg 200w\" sizes=\"auto, (max-width: 150px) 100vw, 150px\" \/><\/a>[\/vc_column_text][vc_empty_space height=&#8221;10px&#8221;][vc_column_text]<\/p>\n<p style=\"text-align: center;\"><span style=\"font-size: 12px;\">METALIZADO<\/span><\/p>\n<p>[\/vc_column_text][\/vc_column_inner][vc_column_inner width=&#8221;1\/4&#8243;][vc_column_text]<a href=\"http:\/\/artesgraficasmodernas.com.ar\/wp-content\/uploads\/2018\/01\/Luminiscente.jpg\"><img loading=\"lazy\" decoding=\"async\" class=\"aligncenter wp-image-5839 size-thumbnail\" src=\"http:\/\/artesgraficasmodernas.com.ar\/wp-content\/uploads\/2018\/01\/Luminiscente-detalle-150x150.jpg\" alt=\"\" width=\"150\" height=\"150\" srcset=\"http:\/\/artesgraficasmodernas.com.ar\/wp-content\/uploads\/2018\/01\/Luminiscente-detalle-150x150.jpg 150w, http:\/\/artesgraficasmodernas.com.ar\/wp-content\/uploads\/2018\/01\/Luminiscente-detalle-100x100.jpg 100w, http:\/\/artesgraficasmodernas.com.ar\/wp-content\/uploads\/2018\/01\/Luminiscente-detalle.jpg 200w\" sizes=\"auto, (max-width: 150px) 100vw, 150px\" \/><\/a>[\/vc_column_text][vc_empty_space height=&#8221;10px&#8221;][vc_column_text]<\/p>\n<p style=\"text-align: center;\"><span style=\"font-size: 12px;\">LUMINISCENTE<\/span><\/p>\n<p>[\/vc_column_text][\/vc_column_inner][vc_column_inner width=&#8221;1\/4&#8243;][vc_column_text]<a href=\"http:\/\/artesgraficasmodernas.com.ar\/wp-content\/uploads\/2018\/01\/glitter.jpg\"><img loading=\"lazy\" decoding=\"async\" class=\"aligncenter wp-image-5837 size-thumbnail\" src=\"http:\/\/artesgraficasmodernas.com.ar\/wp-content\/uploads\/2018\/01\/glitter-detalle-150x150.jpg\" alt=\"\" width=\"150\" height=\"150\" srcset=\"http:\/\/artesgraficasmodernas.com.ar\/wp-content\/uploads\/2018\/01\/glitter-detalle-150x150.jpg 150w, http:\/\/artesgraficasmodernas.com.ar\/wp-content\/uploads\/2018\/01\/glitter-detalle-100x100.jpg 100w, http:\/\/artesgraficasmodernas.com.ar\/wp-content\/uploads\/2018\/01\/glitter-detalle.jpg 200w\" sizes=\"auto, (max-width: 150px) 100vw, 150px\" \/><\/a>[\/vc_column_text][vc_empty_space height=&#8221;10px&#8221;][vc_column_text]<\/p>\n<p style=\"text-align: center;\"><span style=\"font-size: 12px;\">GLITTER<\/span><\/p>\n<p>[\/vc_column_text][\/vc_column_inner][vc_column_inner width=&#8221;1\/4&#8243;][vc_column_text]<a href=\"http:\/\/artesgraficasmodernas.com.ar\/wp-content\/uploads\/2018\/01\/Termocromatico.jpg\"><img loading=\"lazy\" decoding=\"async\" class=\"aligncenter wp-image-5844 size-thumbnail\" src=\"http:\/\/artesgraficasmodernas.com.ar\/wp-content\/uploads\/2018\/01\/Termocromatico-detalle-150x150.jpg\" alt=\"\" width=\"150\" height=\"150\" srcset=\"http:\/\/artesgraficasmodernas.com.ar\/wp-content\/uploads\/2018\/01\/Termocromatico-detalle-150x150.jpg 150w, http:\/\/artesgraficasmodernas.com.ar\/wp-content\/uploads\/2018\/01\/Termocromatico-detalle-100x100.jpg 100w, http:\/\/artesgraficasmodernas.com.ar\/wp-content\/uploads\/2018\/01\/Termocromatico-detalle.jpg 200w\" sizes=\"auto, (max-width: 150px) 100vw, 150px\" \/><\/a>[\/vc_column_text][vc_empty_space height=&#8221;10px&#8221;][vc_column_text]<\/p>\n<p style=\"text-align: center;\"><span style=\"font-size: 12px;\">TERMOCROM\u00c1TICO<\/span><\/p>\n<p>[\/vc_column_text][\/vc_column_inner][\/vc_row_inner][\/vc_column][\/vc_row][vc_row background_color=&#8221;#993366&#8243;][vc_column][vc_empty_space][vc_column_text]<\/p>\n<h2 style=\"text-align: center; color: #ffffff;\">SISTEMAS DE ETIQUETADO<\/h2>\n<p>[\/vc_column_text][vc_column_text]<\/p>\n<p style=\"text-align: center; color: #ffffff !important;\">Este tipo de etiquetas funcionan como elemento de decoraci\u00f3n y se aplican al envase por el proceso de inyecci\u00f3n o soplado.<\/p>\n<p>[\/vc_column_text][\/vc_column][\/vc_row][vc_row][vc_column][vc_column_text]<\/p>\n<h3 style=\"text-align: left; color: #993366;\">Soplado<\/h3>\n<p>Primero la etiqueta es posicionada dentro de la cavidad del molde, utilizando un robot o en forma manual. Se fija a la pared de \u00e9ste por est\u00e1tica o por vac\u00edo, luego se cierra el molde con la preforma dentro del mismo. Inmediatamente la preforma cil\u00edndrica, con la temperatura adecuada, es soplada (inflada) y al estar en estado de fluidez adquiere la forma del molde y se adhiere la etiqueta a \u00e9ste por temperatura y presi\u00f3n, formando parte del envase que se est\u00e1 fabricando.<\/p>\n<p>Este sistema es aplicado para hacer y decorar botellas de polietileno de alta densidad (HDPE) y de polipropileno.[\/vc_column_text][vc_single_image image=&#8221;5843&#8243; img_size=&#8221;large&#8221; alignment=&#8221;center&#8221;][vc_column_text]<\/p>\n<h3 style=\"text-align: left; color: #993366;\">Inyecci\u00f3n<\/h3>\n<p>Se utiliza por lo general para productos o contenedores con aperturas en la parte superior y tapas, especialmente r\u00edgidos. En este caso, la etiqueta se coloca en la cavidad del molde, el cual se llena con el pl\u00e1stico inyectado y adquiere su forma, fundiendo la etiqueta a este envase decorando el mismo.[\/vc_column_text][vc_single_image image=&#8221;5848&#8243; img_size=&#8221;large&#8221; alignment=&#8221;center&#8221;][\/vc_column][\/vc_row][vc_row background_color=&#8221;#e5e5e5&#8243;][vc_column][vc_custom_heading text=&#8221;Aplicaciones y Usos&#8221; font_container=&#8221;tag:h2|font_size:20|text_align:left&#8221; use_theme_fonts=&#8221;yes&#8221; css=&#8221;.vc_custom_1522089886366{margin-top: 50px !important;margin-bottom: 50px !important;}&#8221;][vc_column_text]<\/p>\n<p style=\"text-align: left; color: #000000 !important;\">A pesar de ser una t\u00e9cnica con capacidad de aplicarse y adaptarse a muchos tipos de productos pl\u00e1sticos, es especialmente indicada para aquellas producciones que requieran una gran exigencia a nivel visual y de apariencia, es ideal tambi\u00e9n para aplicarse en producciones de distintos vol\u00famenes ya que es sencilla su colocaci\u00f3n.<\/p>\n<p style=\"text-align: left; color: #000000 !important;\">Las etiquetas In Mold, son utilizadas para decorar productos infantiles, mesas, sillas, recipientes de pl\u00e1stico, contenedores o envases para usos industriales como aceites de motor y pintura, empaques de yogurt, helados, manteca, tableros o paneles de control, entre otros.<\/p>\n<p style=\"text-align: left; color: #000000 !important;\">Las botellas para aceite de autom\u00f3vil, resultan ser las mayores usuarias de este tipo de etiquetas, debido a los grandes vol\u00famenes de producci\u00f3n que este sector maneja, y a la inalterabilidad de las mismas, por la duraci\u00f3n de este tipo de etiquetas en el tiempo, sin sufrir notables alteraciones, resistiendo derrames del producto, la exposici\u00f3n al agua y la intemperie, entre otros factores.<\/p>\n<p>[\/vc_column_text][\/vc_column][\/vc_row][vc_row background_color=&#8221;#993366&#8243;][vc_column][vc_empty_space][vc_column_text]<\/p>\n<h3 style=\"text-align: left; color: #ffffff;\">Galer\u00eda de etiquetas In Mold<\/h3>\n<p>[\/vc_column_text][\/vc_column][\/vc_row][vc_row][vc_column][vc_row_inner gap=&#8221;10&#8243;][vc_column_inner width=&#8221;1\/6&#8243;][vc_column_text]<a href=\"http:\/\/artesgraficasmodernas.com.ar\/wp-content\/uploads\/2018\/03\/inmold-1.jpg\"><img loading=\"lazy\" decoding=\"async\" class=\"aligncenter wp-image-6637 size-thumbnail\" src=\"http:\/\/artesgraficasmodernas.com.ar\/wp-content\/uploads\/2018\/03\/inmold-1-crop-150x150.jpg\" alt=\"\" width=\"150\" height=\"150\" srcset=\"http:\/\/artesgraficasmodernas.com.ar\/wp-content\/uploads\/2018\/03\/inmold-1-crop-150x150.jpg 150w, http:\/\/artesgraficasmodernas.com.ar\/wp-content\/uploads\/2018\/03\/inmold-1-crop-100x100.jpg 100w, http:\/\/artesgraficasmodernas.com.ar\/wp-content\/uploads\/2018\/03\/inmold-1-crop.jpg 200w\" sizes=\"auto, (max-width: 150px) 100vw, 150px\" \/><\/a>[\/vc_column_text][vc_empty_space height=&#8221;30px&#8221;][\/vc_column_inner][vc_column_inner width=&#8221;1\/6&#8243;][vc_column_text]<a href=\"http:\/\/artesgraficasmodernas.com.ar\/wp-content\/uploads\/2018\/03\/inmold-2.jpg\"><img loading=\"lazy\" decoding=\"async\" class=\"aligncenter wp-image-6639 size-thumbnail\" src=\"http:\/\/artesgraficasmodernas.com.ar\/wp-content\/uploads\/2018\/03\/inmold-2-crop-150x150.jpg\" alt=\"\" width=\"150\" height=\"150\" srcset=\"http:\/\/artesgraficasmodernas.com.ar\/wp-content\/uploads\/2018\/03\/inmold-2-crop-150x150.jpg 150w, http:\/\/artesgraficasmodernas.com.ar\/wp-content\/uploads\/2018\/03\/inmold-2-crop-100x100.jpg 100w, http:\/\/artesgraficasmodernas.com.ar\/wp-content\/uploads\/2018\/03\/inmold-2-crop.jpg 200w\" sizes=\"auto, (max-width: 150px) 100vw, 150px\" \/><\/a>[\/vc_column_text][vc_empty_space height=&#8221;30px&#8221;][\/vc_column_inner][vc_column_inner width=&#8221;1\/6&#8243;][vc_column_text]<a href=\"http:\/\/artesgraficasmodernas.com.ar\/wp-content\/uploads\/2018\/03\/inmold-3.jpg\"><img loading=\"lazy\" decoding=\"async\" class=\"aligncenter wp-image-6641 size-thumbnail\" src=\"http:\/\/artesgraficasmodernas.com.ar\/wp-content\/uploads\/2018\/03\/inmold-3-crop-150x150.jpg\" alt=\"\" width=\"150\" height=\"150\" srcset=\"http:\/\/artesgraficasmodernas.com.ar\/wp-content\/uploads\/2018\/03\/inmold-3-crop-150x150.jpg 150w, http:\/\/artesgraficasmodernas.com.ar\/wp-content\/uploads\/2018\/03\/inmold-3-crop-100x100.jpg 100w, http:\/\/artesgraficasmodernas.com.ar\/wp-content\/uploads\/2018\/03\/inmold-3-crop.jpg 200w\" sizes=\"auto, (max-width: 150px) 100vw, 150px\" \/><\/a>[\/vc_column_text][vc_empty_space height=&#8221;30px&#8221;][\/vc_column_inner][vc_column_inner width=&#8221;1\/6&#8243;][vc_column_text]<a href=\"http:\/\/artesgraficasmodernas.com.ar\/wp-content\/uploads\/2018\/03\/inmold-4.jpg\"><img loading=\"lazy\" decoding=\"async\" class=\"aligncenter wp-image-6643 size-thumbnail\" src=\"http:\/\/artesgraficasmodernas.com.ar\/wp-content\/uploads\/2018\/03\/inmold-4-crop-150x150.jpg\" alt=\"\" width=\"150\" height=\"150\" srcset=\"http:\/\/artesgraficasmodernas.com.ar\/wp-content\/uploads\/2018\/03\/inmold-4-crop-150x150.jpg 150w, http:\/\/artesgraficasmodernas.com.ar\/wp-content\/uploads\/2018\/03\/inmold-4-crop-100x100.jpg 100w, http:\/\/artesgraficasmodernas.com.ar\/wp-content\/uploads\/2018\/03\/inmold-4-crop.jpg 200w\" sizes=\"auto, (max-width: 150px) 100vw, 150px\" \/><\/a>[\/vc_column_text][vc_empty_space height=&#8221;30px&#8221;][\/vc_column_inner][vc_column_inner width=&#8221;1\/6&#8243;][vc_column_text]<a href=\"http:\/\/artesgraficasmodernas.com.ar\/wp-content\/uploads\/2018\/03\/inmold-5.jpg\"><img loading=\"lazy\" decoding=\"async\" class=\"aligncenter wp-image-6645 size-thumbnail\" src=\"http:\/\/artesgraficasmodernas.com.ar\/wp-content\/uploads\/2018\/03\/inmold-5-crop-150x150.jpg\" alt=\"\" width=\"150\" height=\"150\" srcset=\"http:\/\/artesgraficasmodernas.com.ar\/wp-content\/uploads\/2018\/03\/inmold-5-crop-150x150.jpg 150w, http:\/\/artesgraficasmodernas.com.ar\/wp-content\/uploads\/2018\/03\/inmold-5-crop-100x100.jpg 100w, http:\/\/artesgraficasmodernas.com.ar\/wp-content\/uploads\/2018\/03\/inmold-5-crop.jpg 200w\" sizes=\"auto, (max-width: 150px) 100vw, 150px\" \/><\/a>[\/vc_column_text][vc_empty_space height=&#8221;30px&#8221;][\/vc_column_inner][vc_column_inner width=&#8221;1\/6&#8243;][vc_column_text]<a href=\"http:\/\/artesgraficasmodernas.com.ar\/wp-content\/uploads\/2018\/03\/inmold-6.jpg\"><img loading=\"lazy\" decoding=\"async\" class=\"aligncenter wp-image-6647 size-thumbnail\" src=\"http:\/\/artesgraficasmodernas.com.ar\/wp-content\/uploads\/2018\/03\/inmold-6-crop-150x150.jpg\" alt=\"\" width=\"150\" height=\"150\" srcset=\"http:\/\/artesgraficasmodernas.com.ar\/wp-content\/uploads\/2018\/03\/inmold-6-crop-150x150.jpg 150w, http:\/\/artesgraficasmodernas.com.ar\/wp-content\/uploads\/2018\/03\/inmold-6-crop-100x100.jpg 100w, http:\/\/artesgraficasmodernas.com.ar\/wp-content\/uploads\/2018\/03\/inmold-6-crop.jpg 200w\" sizes=\"auto, (max-width: 150px) 100vw, 150px\" \/><\/a>[\/vc_column_text][vc_empty_space height=&#8221;30px&#8221;][\/vc_column_inner][\/vc_row_inner][\/vc_column][\/vc_row]<\/p>\n","protected":false},"excerpt":{"rendered":"<p>Claritas est etiam processus dynamicus, qui sequitur mutationem consuetudium lectorum. Mirum est notare quam littera gothica, quam nunc putamus parum claram, anteposuerit litterarum formas humanitatis per seacula quarta decima et quinta decima. Eodem modo typi, qui nunc nobis videntur parum clari, fiant sollemnes in futurum.<\/p>\n","protected":false},"author":1,"featured_media":0,"parent":0,"menu_order":0,"comment_status":"closed","ping_status":"closed","template":"page-vc.php","meta":{"om_disable_all_campaigns":false,"_monsterinsights_skip_tracking":false,"_monsterinsights_sitenote_active":false,"_monsterinsights_sitenote_note":"","_monsterinsights_sitenote_category":0,"footnotes":""},"class_list":["post-5826","page","type-page","status-publish","hentry"],"_links":{"self":[{"href":"http:\/\/artesgraficasmodernas.com.ar\/index.php\/wp-json\/wp\/v2\/pages\/5826","targetHints":{"allow":["GET"]}}],"collection":[{"href":"http:\/\/artesgraficasmodernas.com.ar\/index.php\/wp-json\/wp\/v2\/pages"}],"about":[{"href":"http:\/\/artesgraficasmodernas.com.ar\/index.php\/wp-json\/wp\/v2\/types\/page"}],"author":[{"embeddable":true,"href":"http:\/\/artesgraficasmodernas.com.ar\/index.php\/wp-json\/wp\/v2\/users\/1"}],"replies":[{"embeddable":true,"href":"http:\/\/artesgraficasmodernas.com.ar\/index.php\/wp-json\/wp\/v2\/comments?post=5826"}],"version-history":[{"count":39,"href":"http:\/\/artesgraficasmodernas.com.ar\/index.php\/wp-json\/wp\/v2\/pages\/5826\/revisions"}],"predecessor-version":[{"id":7286,"href":"http:\/\/artesgraficasmodernas.com.ar\/index.php\/wp-json\/wp\/v2\/pages\/5826\/revisions\/7286"}],"wp:attachment":[{"href":"http:\/\/artesgraficasmodernas.com.ar\/index.php\/wp-json\/wp\/v2\/media?parent=5826"}],"curies":[{"name":"wp","href":"https:\/\/api.w.org\/{rel}","templated":true}]}}