{"id":5552,"date":"2018-01-09T13:17:25","date_gmt":"2018-01-09T13:17:25","guid":{"rendered":"http:\/\/artesgraficasmodernas.com.ar\/?page_id=5552"},"modified":"2018-05-11T13:33:04","modified_gmt":"2018-05-11T13:33:04","slug":"division-grafica","status":"publish","type":"page","link":"http:\/\/artesgraficasmodernas.com.ar\/index.php\/division-grafica\/","title":{"rendered":"Divisi\u00f3n Gr\u00e1fica"},"content":{"rendered":"<p>[vc_row autoheight=&#8221;true&#8221; background_image=&#8221;6968&#8243; padding_top=&#8221;75&#8243; padding_bottom=&#8221;75&#8243; el_class=&#8221;header-divisiones&#8221;][vc_column][vc_custom_heading text=&#8221;SOLUCIONES DE ETIQUETADO&#8221; font_container=&#8221;tag:h3|font_size:45px|text_align:center|color:%23ffffff|line_height:50px&#8221; use_theme_fonts=&#8221;yes&#8221;][vc_custom_heading text=&#8221;Para mantenernos a la vanguardia de la industria&#8221; font_container=&#8221;tag:h4|font_size:40px|text_align:center|color:%23ffffff|line_height:45px&#8221; use_theme_fonts=&#8221;yes&#8221;][\/vc_column][\/vc_row][vc_row background_color=&#8221;#dd3333&#8243; padding_bottom=&#8221;0&#8243;][vc_column effect=&#8221;fade-top&#8221;][vc_custom_heading text=&#8221;DIVISI\u00d3N GR\u00c1FICA&#8221; font_container=&#8221;tag:h2|font_size:30px|text_align:center|color:%23ffffff|line_height:30px&#8221; use_theme_fonts=&#8221;yes&#8221;]<div class=\"sep-wrap element-animate element-animate-false center nz-clearfix\" data-effect=\"none\"><div class=\"nz-separator solid\" style=\"border-bottom-color:#eabe3f;width:50px;border-bottom-width:1px;border-bottom-style:solid;margin-top:15px;margin-bottom:2px;\">&nbsp;<\/div><\/div><div class=\"sep-wrap element-animate element-animate-false center nz-clearfix\" data-effect=\"none\"><div class=\"nz-separator solid\" style=\"border-bottom-color:#c0c0c0;width:100px;border-bottom-width:1px;border-bottom-style:solid;margin-bottom:2px;\">&nbsp;<\/div><\/div><div class=\"sep-wrap element-animate element-animate-false center nz-clearfix\" data-effect=\"none\"><div class=\"nz-separator solid\" style=\"border-bottom-color:#ffffff;width:50px;border-bottom-width:1px;border-bottom-style:solid;\">&nbsp;<\/div><\/div>[\/vc_column][\/vc_row][vc_row padding_top=&#8221;40&#8243;][vc_column width=&#8221;1\/4&#8243; effect=&#8221;fade-left&#8221;][\/vc_column][vc_column width=&#8221;1\/4&#8243; effect=&#8221;fade-left&#8221;][vc_column_text]<\/p>\n<h4 style=\"text-align: center;\"><span class=\"nz-icon none medium icon-printer animate-true\" style=\"color:#dd3333 !important;\"><\/span> <a href=\"http:\/\/artesgraficasmodernas.com.ar\/index.php\/tecnologia-grafica\/\"><span style=\"color: #dd3333 !important;\">Tecnolog\u00eda<\/span><\/a><\/h4>\n<p>[\/vc_column_text][\/vc_column][vc_column width=&#8221;1\/4&#8243; effect=&#8221;fade-left&#8221;][vc_column_text]<\/p>\n<h4 style=\"text-align: center;\"><span class=\"nz-icon none medium icon-printer animate-true\" style=\"color:#dd3333 !important;\"><\/span> <a href=\"http:\/\/artesgraficasmodernas.com.ar\/index.php\/produc-grafica\/\"><span style=\"color: #dd3333 !important;\">Productos<\/span><\/a><\/h4>\n<p>[\/vc_column_text][\/vc_column][vc_column width=&#8221;1\/4&#8243;][\/vc_column][\/vc_row][vc_row padding_top=&#8221;0&#8243; padding_bottom=&#8221;0&#8243;][vc_column][vc_separator css=&#8221;.vc_custom_1525810239045{margin-bottom: 0px !important;}&#8221;][\/vc_column][\/vc_row][vc_row][vc_column][vc_column_text]<\/p>\n<h4 class=\"p2\" style=\"text-align: center;\"><span style=\"color: #000000;\">Producimos etiquetas para el mercado nacional e internacional. Estamos equipados con la m\u00e1s amplia y moderna instalaci\u00f3n industrial, con m\u00e1s de 150 cuerpos impresores para la producci\u00f3n de etiquetas autoadhesivas, etiquetas termocontra\u00edbles, etiquetas In Mold, etiquetas multip\u00e1gina, productos promocionales, etiquetas de seguridad e impresiones digitales.<\/span><\/h4>\n<p>[\/vc_column_text][\/vc_column][\/vc_row][vc_row][vc_column width=&#8221;1\/6&#8243; valign=&#8221;middle&#8221;][\/vc_column][vc_column width=&#8221;2\/3&#8243;][vc_gallery type=&#8221;flexslider_slide&#8221; interval=&#8221;3&#8243; images=&#8221;6783,6784&#8243; img_size=&#8221;large&#8221; onclick=&#8221;&#8221;][\/vc_column][vc_column width=&#8221;1\/6&#8243;][\/vc_column][\/vc_row]<\/p>\n","protected":false},"excerpt":{"rendered":"<p>Claritas est etiam processus dynamicus, qui sequitur mutationem consuetudium lectorum. Mirum est notare quam littera gothica, quam nunc putamus parum claram, anteposuerit litterarum formas humanitatis per seacula quarta decima et quinta decima. Eodem modo typi, qui nunc nobis videntur parum clari, fiant sollemnes in futurum.<\/p>\n","protected":false},"author":1,"featured_media":0,"parent":0,"menu_order":0,"comment_status":"closed","ping_status":"closed","template":"page-vc.php","meta":{"om_disable_all_campaigns":false,"_monsterinsights_skip_tracking":false,"_monsterinsights_sitenote_active":false,"_monsterinsights_sitenote_note":"","_monsterinsights_sitenote_category":0,"footnotes":""},"class_list":["post-5552","page","type-page","status-publish","hentry"],"_links":{"self":[{"href":"http:\/\/artesgraficasmodernas.com.ar\/index.php\/wp-json\/wp\/v2\/pages\/5552","targetHints":{"allow":["GET"]}}],"collection":[{"href":"http:\/\/artesgraficasmodernas.com.ar\/index.php\/wp-json\/wp\/v2\/pages"}],"about":[{"href":"http:\/\/artesgraficasmodernas.com.ar\/index.php\/wp-json\/wp\/v2\/types\/page"}],"author":[{"embeddable":true,"href":"http:\/\/artesgraficasmodernas.com.ar\/index.php\/wp-json\/wp\/v2\/users\/1"}],"replies":[{"embeddable":true,"href":"http:\/\/artesgraficasmodernas.com.ar\/index.php\/wp-json\/wp\/v2\/comments?post=5552"}],"version-history":[{"count":38,"href":"http:\/\/artesgraficasmodernas.com.ar\/index.php\/wp-json\/wp\/v2\/pages\/5552\/revisions"}],"predecessor-version":[{"id":7281,"href":"http:\/\/artesgraficasmodernas.com.ar\/index.php\/wp-json\/wp\/v2\/pages\/5552\/revisions\/7281"}],"wp:attachment":[{"href":"http:\/\/artesgraficasmodernas.com.ar\/index.php\/wp-json\/wp\/v2\/media?parent=5552"}],"curies":[{"name":"wp","href":"https:\/\/api.w.org\/{rel}","templated":true}]}}