{"id":5502,"date":"2018-01-04T02:01:35","date_gmt":"2018-01-04T02:01:35","guid":{"rendered":"http:\/\/artesgraficasmodernas.com.ar\/?page_id=5502"},"modified":"2018-05-11T14:17:39","modified_gmt":"2018-05-11T14:17:39","slug":"etiquetadoras","status":"publish","type":"page","link":"http:\/\/artesgraficasmodernas.com.ar\/index.php\/etiquetadoras\/","title":{"rendered":"Etiquetadoras"},"content":{"rendered":"<p>[vc_row background_image=&#8221;7022&#8243; padding_top=&#8221;125&#8243; padding_bottom=&#8221;125&#8243;][vc_column][vc_custom_heading text=&#8221;ETIQUETADORAS&#8221; font_container=&#8221;tag:h2|font_size:45|text_align:center|color:%23ffffff&#8221; use_theme_fonts=&#8221;yes&#8221;][\/vc_column][\/vc_row][vc_row background_color=&#8221;#00adef&#8221; padding_bottom=&#8221;0&#8243;][vc_column effect=&#8221;fade-top&#8221;][vc_custom_heading text=&#8221;DIVISI\u00d3N M\u00c1QUINAS&#8221; font_container=&#8221;tag:h2|font_size:30px|text_align:center|color:%23ffffff|line_height:30px&#8221; use_theme_fonts=&#8221;yes&#8221;]<div class=\"sep-wrap element-animate element-animate-false center nz-clearfix\" data-effect=\"none\"><div class=\"nz-separator solid\" style=\"border-bottom-color:#eabe3f;width:50px;border-bottom-width:1px;border-bottom-style:solid;margin-top:15px;margin-bottom:2px;\">&nbsp;<\/div><\/div><div class=\"sep-wrap element-animate element-animate-false center nz-clearfix\" data-effect=\"none\"><div class=\"nz-separator solid\" style=\"border-bottom-color:#c0c0c0;width:100px;border-bottom-width:1px;border-bottom-style:solid;margin-bottom:2px;\">&nbsp;<\/div><\/div><div class=\"sep-wrap element-animate element-animate-false center nz-clearfix\" data-effect=\"none\"><div class=\"nz-separator solid\" style=\"border-bottom-color:#ffffff;width:50px;border-bottom-width:1px;border-bottom-style:solid;\">&nbsp;<\/div><\/div>[\/vc_column][\/vc_row][vc_row padding_top=&#8221;40&#8243;][vc_column width=&#8221;1\/6&#8243;][\/vc_column][vc_column width=&#8221;2\/6&#8243; effect=&#8221;fade-left&#8221;][vc_column_text]<\/p>\n<h4 style=\"text-align: center;\"><span class=\"nz-icon none medium icon-printer animate-false\" style=\"color:#00adef !important;;\"><\/span> <span style=\"color: #00adef !important;\">Etiquetadoras<\/span><\/h4>\n<p>[\/vc_column_text][\/vc_column][vc_column width=&#8221;3\/6&#8243; effect=&#8221;fade-left&#8221;][vc_column_text]<\/p>\n<h4 style=\"text-align: left;\"><span class=\"nz-icon none medium icon-printer animate-true\" style=\"color:#00adef !important;;\"><\/span> <span style=\"color: #00adef !important;\"><a style=\"color: #00adef !important;\" href=\"http:\/\/artesgraficasmodernas.com.ar\/index.php\/centro-de-etiquetado\/\">Servicio de Etiquetado<\/a><\/span><\/h4>\n<p>[\/vc_column_text][\/vc_column][\/vc_row][vc_row padding_top=&#8221;0&#8243; padding_bottom=&#8221;0&#8243;][vc_column][vc_separator][\/vc_column][\/vc_row][vc_row padding_top=&#8221;0&#8243; padding_bottom=&#8221;0&#8243;][vc_column width=&#8221;1\/6&#8243; effect=&#8221;fade-left&#8221;][\/vc_column][vc_column width=&#8221;2\/3&#8243;][vc_column_text]<\/p>\n<h4 style=\"text-align: center;\"><span style=\"color: #333333;\">En\u00a0<strong>AGM<\/strong>\u00a0realizamos el desarrollo y fabricaci\u00f3n de nuestras m\u00e1quinas estudiando las necesidades de los clientes, ofreciendo la mejor soluci\u00f3n en el etiquetado a trav\u00e9s de:<\/span><\/h4>\n<p>[\/vc_column_text][vc_empty_space height=&#8221;20px&#8221;][\/vc_column][vc_column width=&#8221;1\/6&#8243;][\/vc_column][\/vc_row][vc_row][vc_column width=&#8221;1\/3&#8243; effect=&#8221;fade-left&#8221; text_align=&#8221;right&#8221;]<ul class=\"nz-i-list circle\"><li><div><span class=\"icon icon-checkmark\" style=\"color:#ffffff;background-color:#00adef;\"><\/span><\/div><div>Cabezales etiquetadores autom\u00e1ticos<\/div><\/li><\/ul>[\/vc_column][vc_column width=&#8221;1\/3&#8243; effect=&#8221;fade-top&#8221; text_align=&#8221;center&#8221; pl=&#8221;40&#8243;]<ul class=\"nz-i-list circle\"><li><div><span class=\"icon icon-checkmark\" style=\"color:#ffffff;background-color:#00adef;\"><\/span><\/div><div>Sistemas autom\u00e1ticos<\/div><\/li><\/ul>[\/vc_column][vc_column width=&#8221;1\/3&#8243; effect=&#8221;fade-right&#8221;]<ul class=\"nz-i-list circle\"><li><div><span class=\"icon icon-checkmark\" style=\"color:#ffffff;background-color:#00adef;\"><\/span><\/div><div>Sistemas semiautom\u00e1ticos<\/div><\/li><\/ul>[\/vc_column][\/vc_row][vc_row][vc_column width=&#8221;1\/6&#8243; effect=&#8221;fade-left&#8221;][\/vc_column][vc_column width=&#8221;2\/3&#8243;][vc_column_text]<\/p>\n<h4 style=\"text-align: center;\"><span style=\"color: #333333;\">Todos los modelos re\u00fanen caracter\u00edsticas de variada envergadura, que los hacen eficaces al momento de la aplicaci\u00f3n de la etiqueta, permitiendo montarse f\u00e1cilmente en las diferentes l\u00edneas de envasado.<\/span><\/h4>\n<p>[\/vc_column_text][\/vc_column][vc_column width=&#8221;1\/6&#8243;][\/vc_column][\/vc_row][vc_row padding_bottom=&#8221;0&#8243;][vc_column width=&#8221;1\/6&#8243;][\/vc_column][vc_column width=&#8221;2\/6&#8243; effect=&#8221;fade-left&#8221; text_align=&#8221;right&#8221;][vc_single_image image=&#8221;5511&#8243; img_size=&#8221;160&#215;160&#8243;][vc_single_image image=&#8221;5513&#8243; img_size=&#8221;160&#215;160&#8243;][vc_single_image image=&#8221;5514&#8243; img_size=&#8221;160&#215;160&#8243;][\/vc_column][vc_column width=&#8221;3\/6&#8243;][vc_custom_heading text=&#8221;CARACTER\u00cdSTICAS GENERALES&#8221; font_container=&#8221;tag:h3|font_size:25|text_align:left|color:%2300adef&#8221; use_theme_fonts=&#8221;yes&#8221;][vc_empty_space height=&#8221;20px&#8221;][vc_separator align=&#8221;align_left&#8221; border_width=&#8221;3&#8243; el_width=&#8221;20&#8243;]<ul class=\"nz-i-list circle\"><li><div><span class=\"icon icon-checkmark\" style=\"color:#ffffff;background-color:#00adef;\"><\/span><\/div><div>Autom\u00e1ticos o semiautom\u00e1ticos<\/div><\/li><li><div><span class=\"icon icon-checkmark\" style=\"color:#ffffff;background-color:#00adef;\"><\/span><\/div><div>Estructura compacta<\/div><\/li><li><div><span class=\"icon icon-checkmark\" style=\"color:#ffffff;background-color:#00adef;\"><\/span><\/div><div>Salida de alarma para interconexi\u00f3n con otras m\u00e1quinas<\/div><\/li><li><div><span class=\"icon icon-checkmark\" style=\"color:#ffffff;background-color:#00adef;\"><\/span><\/div><div>Base soporte m\u00f3vil<\/div><\/li><li><div><span class=\"icon icon-checkmark\" style=\"color:#ffffff;background-color:#00adef;\"><\/span><\/div><div>Conexi\u00f3n de decodificadores opcionales<\/div><\/li><li><div><span class=\"icon icon-checkmark\" style=\"color:#ffffff;background-color:#00adef;\"><\/span><\/div><div>Lado: Mano derecha o izquierda<\/div><\/li><li><div><span class=\"icon icon-checkmark\" style=\"color:#ffffff;background-color:#00adef;\"><\/span><\/div><div>Motorizaci\u00f3n: paso a paso o servomotor<\/div><\/li><li><div><span class=\"icon icon-checkmark\" style=\"color:#ffffff;background-color:#00adef;\"><\/span><\/div><div>Detectores de etiquetas: sensores capacitivos, \u00f3pticos, inductivos o mec\u00e1nicos.<\/div><\/li><li><div><span class=\"icon icon-checkmark\" style=\"color:#ffffff;background-color:#00adef;\"><\/span><\/div><div>Stock constante de m\u00e1quinas para lograr una respuesta r\u00e1pida frente a los requerimientos.<\/div><\/li><li><div><span class=\"icon icon-checkmark\" style=\"color:#ffffff;background-color:#00adef;\"><\/span><\/div><div>Servicio t\u00e9cnico para la atenci\u00f3n y asistencia inmediata.<\/div><\/li><\/ul>[\/vc_column][\/vc_row][vc_row background_color=&#8221;#00adef&#8221; padding_bottom=&#8221;15&#8243;][vc_column effect=&#8221;fade-top&#8221;][vc_empty_space height=&#8221;25px&#8221;][vc_custom_heading text=&#8221;CABEZALES ETIQUETADORES&#8221; font_container=&#8221;tag:h2|font_size:30px|text_align:center|color:%23ffffff|line_height:30px&#8221; use_theme_fonts=&#8221;yes&#8221;][\/vc_column][\/vc_row][vc_row padding_top=&#8221;40&#8243; padding_bottom=&#8221;0&#8243;][vc_column width=&#8221;1\/6&#8243; effect=&#8221;fade-left&#8221;][vc_single_image image=&#8221;5520&#8243; img_size=&#8221;full&#8221; onclick=&#8221;custom_link&#8221; img_link_target=&#8221;_blank&#8221; css=&#8221;.vc_custom_1525545889705{margin-bottom: 10px !important;}&#8221; link=&#8221;http:\/\/artesgraficasmodernas.com.ar\/wp-content\/uploads\/2018\/05\/Compact-R1.pdf&#8221;][vc_column_text]<\/p>\n<p style=\"text-align: center;\"><a href=\"http:\/\/artesgraficasmodernas.com.ar\/wp-content\/uploads\/2018\/01\/Compact-R1.pdf\" target=\"_blank\" rel=\"noopener\"><strong>COMPACT<\/strong><\/a><\/p>\n<p>[\/vc_column_text][\/vc_column][vc_column width=&#8221;1\/6&#8243; effect=&#8221;fade-left&#8221;][vc_single_image image=&#8221;5521&#8243; img_size=&#8221;full&#8221; onclick=&#8221;custom_link&#8221; img_link_target=&#8221;_blank&#8221; css=&#8221;.vc_custom_1515097961313{margin-bottom: 10px !important;}&#8221; link=&#8221;http:\/\/artesgraficasmodernas.com.ar\/wp-content\/uploads\/2018\/01\/ProSpeed.pdf&#8221;][vc_column_text]<\/p>\n<p style=\"text-align: center;\"><a href=\"http:\/\/artesgraficasmodernas.com.ar\/wp-content\/uploads\/2018\/01\/ProSpeed.pdf\" target=\"_blank\" rel=\"noopener\"><strong>PROSPEED<\/strong><\/a><\/p>\n<p>[\/vc_column_text][\/vc_column][vc_column width=&#8221;1\/6&#8243; effect=&#8221;fade-left&#8221;][vc_single_image image=&#8221;5522&#8243; img_size=&#8221;full&#8221; onclick=&#8221;custom_link&#8221; img_link_target=&#8221;_blank&#8221; css=&#8221;.vc_custom_1515097994985{margin-bottom: 10px !important;}&#8221; link=&#8221;http:\/\/artesgraficasmodernas.com.ar\/wp-content\/uploads\/2018\/01\/Ultra-Speed-100.pdf&#8221;][vc_column_text]<\/p>\n<p style=\"text-align: center;\"><a href=\"http:\/\/artesgraficasmodernas.com.ar\/wp-content\/uploads\/2018\/01\/Ultra-Speed-100.pdf\" target=\"_blank\" rel=\"noopener\"><strong>ULTRA SPEED 100<\/strong><\/a><\/p>\n<p>[\/vc_column_text][\/vc_column][vc_column width=&#8221;1\/6&#8243; effect=&#8221;fade-left&#8221;][vc_single_image image=&#8221;5523&#8243; img_size=&#8221;full&#8221; onclick=&#8221;custom_link&#8221; img_link_target=&#8221;_blank&#8221; css=&#8221;.vc_custom_1515098039707{margin-bottom: 10px !important;}&#8221; link=&#8221;http:\/\/artesgraficasmodernas.com.ar\/wp-content\/uploads\/2018\/01\/Ultra-Speed-200.pdf&#8221;][vc_column_text]<\/p>\n<p style=\"text-align: center;\"><a href=\"http:\/\/artesgraficasmodernas.com.ar\/wp-content\/uploads\/2018\/01\/Ultra-Speed-200.pdf\" target=\"_blank\" rel=\"noopener\"><strong>ULTRA SPEED 200<\/strong><\/a><\/p>\n<p>[\/vc_column_text][\/vc_column][vc_column width=&#8221;1\/6&#8243; effect=&#8221;fade-left&#8221;][vc_single_image image=&#8221;5525&#8243; img_size=&#8221;full&#8221; onclick=&#8221;custom_link&#8221; img_link_target=&#8221;_blank&#8221; css=&#8221;.vc_custom_1515098074789{margin-bottom: 10px !important;}&#8221; link=&#8221;http:\/\/artesgraficasmodernas.com.ar\/wp-content\/uploads\/2018\/01\/UltraSpeed200Plus.pdf&#8221;][vc_column_text]<\/p>\n<p style=\"text-align: center;\"><a href=\"http:\/\/artesgraficasmodernas.com.ar\/wp-content\/uploads\/2018\/01\/UltraSpeed200Plus.pdf\" target=\"_blank\" rel=\"noopener\"><strong>ULTRA SPEED 200 Plus<\/strong><\/a><\/p>\n<p>[\/vc_column_text][\/vc_column][\/vc_row][vc_row background_color=&#8221;#00adef&#8221; padding_bottom=&#8221;15&#8243;][vc_column effect=&#8221;fade-top&#8221;][vc_empty_space height=&#8221;25px&#8221;][vc_custom_heading text=&#8221;SISTEMAS DE ETIQUETADO&#8221; font_container=&#8221;tag:h2|font_size:30px|text_align:center|color:%23ffffff|line_height:30px&#8221; use_theme_fonts=&#8221;yes&#8221;][\/vc_column][\/vc_row][vc_row padding_top=&#8221;40&#8243; padding_bottom=&#8221;0&#8243;][vc_column width=&#8221;1\/3&#8243;][\/vc_column][vc_column width=&#8221;1\/3&#8243; effect=&#8221;fade-left&#8221; border_width=&#8221;3&#8243; border_color=&#8221;#c1c1c1&#8243;][vc_single_image image=&#8221;5526&#8243; img_size=&#8221;full&#8221; onclick=&#8221;custom_link&#8221; img_link_target=&#8221;_blank&#8221; css=&#8221;.vc_custom_1515098099963{margin-bottom: 10px !important;}&#8221; link=&#8221;http:\/\/artesgraficasmodernas.com.ar\/wp-content\/uploads\/2018\/01\/RC7.pdf&#8221;][vc_column_text]<\/p>\n<p style=\"text-align: center;\"><a href=\"http:\/\/artesgraficasmodernas.com.ar\/wp-content\/uploads\/2018\/01\/RC7.pdf\" target=\"_blank\" rel=\"noopener\"><strong>RC 7<\/strong><\/a><\/p>\n<p>[\/vc_column_text][\/vc_column][vc_column width=&#8221;1\/3&#8243;][\/vc_column][\/vc_row]<\/p>\n","protected":false},"excerpt":{"rendered":"<p>Claritas est etiam processus dynamicus, qui sequitur mutationem consuetudium lectorum. Mirum est notare quam littera gothica, quam nunc putamus parum claram, anteposuerit litterarum formas humanitatis per seacula quarta decima et quinta decima. Eodem modo typi, qui nunc nobis videntur parum clari, fiant sollemnes in futurum.<\/p>\n","protected":false},"author":1,"featured_media":0,"parent":0,"menu_order":0,"comment_status":"closed","ping_status":"closed","template":"page-vc.php","meta":{"om_disable_all_campaigns":false,"_monsterinsights_skip_tracking":false,"_monsterinsights_sitenote_active":false,"_monsterinsights_sitenote_note":"","_monsterinsights_sitenote_category":0,"footnotes":""},"class_list":["post-5502","page","type-page","status-publish","hentry"],"_links":{"self":[{"href":"http:\/\/artesgraficasmodernas.com.ar\/index.php\/wp-json\/wp\/v2\/pages\/5502","targetHints":{"allow":["GET"]}}],"collection":[{"href":"http:\/\/artesgraficasmodernas.com.ar\/index.php\/wp-json\/wp\/v2\/pages"}],"about":[{"href":"http:\/\/artesgraficasmodernas.com.ar\/index.php\/wp-json\/wp\/v2\/types\/page"}],"author":[{"embeddable":true,"href":"http:\/\/artesgraficasmodernas.com.ar\/index.php\/wp-json\/wp\/v2\/users\/1"}],"replies":[{"embeddable":true,"href":"http:\/\/artesgraficasmodernas.com.ar\/index.php\/wp-json\/wp\/v2\/comments?post=5502"}],"version-history":[{"count":28,"href":"http:\/\/artesgraficasmodernas.com.ar\/index.php\/wp-json\/wp\/v2\/pages\/5502\/revisions"}],"predecessor-version":[{"id":7295,"href":"http:\/\/artesgraficasmodernas.com.ar\/index.php\/wp-json\/wp\/v2\/pages\/5502\/revisions\/7295"}],"wp:attachment":[{"href":"http:\/\/artesgraficasmodernas.com.ar\/index.php\/wp-json\/wp\/v2\/media?parent=5502"}],"curies":[{"name":"wp","href":"https:\/\/api.w.org\/{rel}","templated":true}]}}