{"id":5432,"date":"2018-01-02T16:47:27","date_gmt":"2018-01-02T16:47:27","guid":{"rendered":"http:\/\/artesgraficasmodernas.com.ar\/?page_id=5432"},"modified":"2018-05-16T14:30:46","modified_gmt":"2018-05-16T14:30:46","slug":"tecnologia-materiales","status":"publish","type":"page","link":"http:\/\/artesgraficasmodernas.com.ar\/index.php\/tecnologia-materiales\/","title":{"rendered":"Tecnolog\u00eda"},"content":{"rendered":"<p>[vc_row background_image=&#8221;6980&#8243; padding_top=&#8221;125&#8243; padding_bottom=&#8221;125&#8243;][vc_column][vc_custom_heading text=&#8221;TECNOLOG\u00cdA&#8221; font_container=&#8221;tag:h2|font_size:45|text_align:center|color:%23ffffff&#8221; use_theme_fonts=&#8221;yes&#8221;][\/vc_column][\/vc_row][vc_row background_color=&#8221;#ffd323&#8243; padding_bottom=&#8221;0&#8243;][vc_column effect=&#8221;fade-top&#8221;][vc_custom_heading text=&#8221;DIVISI\u00d3N MATERIALES&#8221; font_container=&#8221;tag:h2|font_size:30px|text_align:center|color:%23ffffff|line_height:30px&#8221; use_theme_fonts=&#8221;yes&#8221;]<div class=\"sep-wrap element-animate element-animate-false center nz-clearfix\" data-effect=\"none\"><div class=\"nz-separator solid\" style=\"border-bottom-color:#eabe3f;width:50px;border-bottom-width:1px;border-bottom-style:solid;margin-top:15px;margin-bottom:2px;\">&nbsp;<\/div><\/div><div class=\"sep-wrap element-animate element-animate-false center nz-clearfix\" data-effect=\"none\"><div class=\"nz-separator solid\" style=\"border-bottom-color:#c0c0c0;width:100px;border-bottom-width:1px;border-bottom-style:solid;margin-bottom:2px;\">&nbsp;<\/div><\/div><div class=\"sep-wrap element-animate element-animate-false center nz-clearfix\" data-effect=\"none\"><div class=\"nz-separator solid\" style=\"border-bottom-color:#ffffff;width:50px;border-bottom-width:1px;border-bottom-style:solid;\">&nbsp;<\/div><\/div>[\/vc_column][\/vc_row][vc_row padding_top=&#8221;40&#8243;][vc_column width=&#8221;1\/4&#8243;][\/vc_column][vc_column width=&#8221;1\/4&#8243; effect=&#8221;fade-left&#8221;][vc_column_text]<\/p>\n<h4 style=\"text-align: center;\"><span style=\"color: #ffd323 !important;\"><span class=\"nz-icon none medium icon-printer animate-false\" style=\"color: #ffd323 !important;\"><\/span> Tecnolog\u00eda<\/span><\/h4>\n<p>[\/vc_column_text][\/vc_column][vc_column width=&#8221;1\/4&#8243; effect=&#8221;fade-left&#8221;][vc_column_text]<\/p>\n<h4 style=\"text-align: center;\"><span style=\"color: #ffd323 !important;\"><span class=\"nz-icon none medium icon-printer animate-true\" style=\"color: #ffd323 !important;\"><\/span> <a style=\"color: #ffd323 !important;\" href=\"http:\/\/artesgraficasmodernas.com.ar\/index.php\/produc-materiales\/\">Productos<\/a><\/span><\/h4>\n<p>[\/vc_column_text][\/vc_column][vc_column width=&#8221;1\/4&#8243;][\/vc_column][\/vc_row][vc_row padding_top=&#8221;0&#8243; padding_bottom=&#8221;0&#8243;][vc_column][vc_separator][vc_row_inner content_placement=&#8221;middle&#8221;][vc_column_inner width=&#8221;1\/2&#8243;][vc_images_carousel images=&#8221;5130,5131,5133,5135&#8243; img_size=&#8221;500&#215;350&#8243; onclick=&#8221;link_no&#8221; speed=&#8221;3000&#8243; autoplay=&#8221;yes&#8221;][\/vc_column_inner][vc_column_inner width=&#8221;1\/2&#8243;][vc_column_text]<\/p>\n<p class=\"p1\" style=\"text-align: left;\"><span style=\"color: #000000;\">Nuestro equipamiento fue desarrollado de manera personalizada, con el apoyo de nuestros recursos de investigaci\u00f3n, y nuestra experiencia y conocimiento de la industria. Contamos con varias l\u00edneas productivas para siliconar y adhesivar papeles y pel\u00edculas pl\u00e1sticas.<\/span><\/p>\n<p>[\/vc_column_text][\/vc_column_inner][\/vc_row_inner][\/vc_column][\/vc_row][vc_row padding_top=&#8221;0&#8243; padding_bottom=&#8221;0&#8243;][vc_column][vc_separator css=&#8221;.vc_custom_1525809566340{margin-bottom: 0px !important;}&#8221;][\/vc_column][\/vc_row][vc_row padding_bottom=&#8221;0&#8243;][vc_column effect=&#8221;ghost-left&#8221;][vc_column_text]<\/p>\n<h3>Procesos de Calidad<\/h3>\n<p>[\/vc_column_text][vc_empty_space][vc_column_text]<span style=\"color: #000000;\">Nuestra planta cuenta con la certificaci\u00f3n ISO 9001, garantizando la calidad del proceso de AGM.<\/span><\/p>\n<p><span style=\"color: #000000;\">Poseemos un Laboratorio de control de procesos y calidad, equipado con la m\u00e1s completa tecnolog\u00eda que nos permite calcular las cargas de adhesivo y realizar numeroso ensayos bajo normas internacionales FINAT, verificando las condiciones de cada material en un ambiente de temperatura y humedad controlada.<\/span>[\/vc_column_text][\/vc_column][\/vc_row][vc_row][vc_column effect=&#8221;ghost-left&#8221;][vc_row_inner gap=&#8221;30&#8243;][vc_column_inner width=&#8221;1\/4&#8243; css=&#8221;.vc_custom_1516809764575{border-top-width: 2px !important;border-right-width: 2px !important;border-bottom-width: 2px !important;border-left-width: 2px !important;border-left-color: #cecece !important;border-left-style: solid !important;border-right-color: #cecece !important;border-right-style: solid !important;border-top-color: #cecece !important;border-top-style: solid !important;border-bottom-color: #cecece !important;border-bottom-style: solid !important;border-radius: 2px !important;}&#8221;][vc_column_text]<img loading=\"lazy\" decoding=\"async\" class=\"aligncenter wp-image-5129 size-medium\" src=\"http:\/\/artesgraficasmodernas.com.ar\/wp-content\/uploads\/2017\/11\/laboratorio-2-300x225.jpg\" alt=\"\" width=\"300\" height=\"225\" srcset=\"http:\/\/artesgraficasmodernas.com.ar\/wp-content\/uploads\/2017\/11\/laboratorio-2-300x225.jpg 300w, http:\/\/artesgraficasmodernas.com.ar\/wp-content\/uploads\/2017\/11\/laboratorio-2-600x450.jpg 600w, http:\/\/artesgraficasmodernas.com.ar\/wp-content\/uploads\/2017\/11\/laboratorio-2-768x576.jpg 768w, http:\/\/artesgraficasmodernas.com.ar\/wp-content\/uploads\/2017\/11\/laboratorio-2.jpg 800w\" sizes=\"auto, (max-width: 300px) 100vw, 300px\" \/>[\/vc_column_text][vc_empty_space height=&#8221;10px&#8221;][vc_column_text]<\/p>\n<p style=\"text-align: center;\"><span style=\"font-size: 12px;\">LABORATORIO DE CONTROL<br \/>\n<\/span><\/p>\n<p>[\/vc_column_text][\/vc_column_inner][vc_column_inner width=&#8221;1\/4&#8243; css=&#8221;.vc_custom_1516809781466{border-top-width: 2px !important;border-right-width: 2px !important;border-bottom-width: 2px !important;border-left-width: 2px !important;border-left-color: #cecece !important;border-left-style: solid !important;border-right-color: #cecece !important;border-right-style: solid !important;border-top-color: #cecece !important;border-top-style: solid !important;border-bottom-color: #cecece !important;border-bottom-style: solid !important;border-radius: 2px !important;}&#8221;][vc_column_text]<img loading=\"lazy\" decoding=\"async\" class=\"wp-image-5440 size-full aligncenter\" src=\"http:\/\/artesgraficasmodernas.com.ar\/wp-content\/uploads\/2018\/01\/loop-1-copy.jpg\" alt=\"\" width=\"299\" height=\"226\" \/>[\/vc_column_text][vc_empty_space height=&#8221;10px&#8221;][vc_column_text]<\/p>\n<p style=\"text-align: center;\"><span style=\"font-size: 12px;\">MEDICI\u00d3N DEL TACK DEL ADHESIVO<\/span><\/p>\n<p>[\/vc_column_text][\/vc_column_inner][vc_column_inner width=&#8221;1\/4&#8243; css=&#8221;.vc_custom_1516824228109{border-top-width: 2px !important;border-right-width: 2px !important;border-bottom-width: 2px !important;border-left-width: 2px !important;border-left-color: #cecece !important;border-left-style: solid !important;border-right-color: #cecece !important;border-right-style: solid !important;border-top-color: #cecece !important;border-top-style: solid !important;border-bottom-color: #cecece !important;border-bottom-style: solid !important;border-radius: 2px !important;}&#8221;][vc_column_text]<img loading=\"lazy\" decoding=\"async\" class=\"size-full wp-image-5441 aligncenter\" src=\"http:\/\/artesgraficasmodernas.com.ar\/wp-content\/uploads\/2018\/01\/Shear-1-copia2.jpg\" alt=\"\" width=\"299\" height=\"226\" \/>[\/vc_column_text][vc_empty_space height=&#8221;10px&#8221;][vc_column_text]<\/p>\n<p style=\"text-align: center;\"><span style=\"font-size: 12px;\">ENSAYO DE COHESI\u00d3N &#8211; SHEAR<\/span><\/p>\n<p>[\/vc_column_text][\/vc_column_inner][vc_column_inner width=&#8221;1\/4&#8243; css=&#8221;.vc_custom_1520803182666{border-top-width: 2px !important;border-right-width: 2px !important;border-bottom-width: 2px !important;border-left-width: 2px !important;border-left-color: #cecece !important;border-left-style: solid !important;border-right-color: #cecece !important;border-right-style: solid !important;border-top-color: #cecece !important;border-top-style: solid !important;border-bottom-color: #cecece !important;border-bottom-style: solid !important;border-radius: 2px !important;}&#8221;][vc_column_text]<img loading=\"lazy\" decoding=\"async\" class=\"size-full wp-image-5446 aligncenter\" src=\"http:\/\/artesgraficasmodernas.com.ar\/wp-content\/uploads\/2018\/01\/tester-2.jpg\" alt=\"\" width=\"299\" height=\"226\" \/>[\/vc_column_text][vc_empty_space height=&#8221;10px&#8221;][vc_column_text]<\/p>\n<p style=\"text-align: center;\"><span style=\"font-size: 12px;\">ENSAYO DE RELEASE<\/span><\/p>\n<p>[\/vc_column_text][\/vc_column_inner][\/vc_row_inner][vc_empty_space][vc_column_text]<\/p>\n<h3>M\u00e9todos de Ensayo<\/h3>\n<p>[\/vc_column_text][vc_empty_space][vc_row_inner][vc_column_inner][vc_column_text]<\/p>\n<p style=\"text-align: left; color: #000000 !important;\"><strong>1 &#8211; Adhesi\u00f3n (peel): FTM 1 peel a 180\u00ba<\/strong><\/p>\n<p>[\/vc_column_text][vc_column_text]<span style=\"color: #000000;\">El ensayo \u201cpeel\u201d mide la adhesi\u00f3n a la superficie mediante el despegue de los adhesivos sensibles a la presi\u00f3n (PSA). La adhesi\u00f3n \u201cpeel a 180\u00ba solo es fiable para comparar frontales de similar flexibilidad. Para adhesivos permanentes, el ensayo \u201cpeel\u201d no es tan relevante, por lo menos no como un ensayo de aseguramiento de la calidad ya que el resultado con laminados de papel suele ser \u201crotura del papel\u201d. Para los adhesivos removibles, el ensayo \u201cpeel\u201d es muy \u00fatil ya que permite ver f\u00e1cilmente las diferencias de adhesi\u00f3n. El ensayo \u201cpeel\u201d tambi\u00e9n puede ser modificado para medir la adhesi\u00f3n del adhesivo sobre diferentes sustratos como PE y cart\u00f3n.<\/span>[\/vc_column_text][vc_empty_space height=&#8221;25px&#8221;][vc_separator color=&#8221;custom&#8221; align=&#8221;align_left&#8221; border_width=&#8221;3&#8243; el_width=&#8221;10&#8243; accent_color=&#8221;#ffd323&#8243;][vc_column_text]<\/p>\n<p style=\"text-align: left; color: #000000 !important;\"><strong>2 &#8211; Release: FTM 3 y 4 \u2013 Ensayos de release de baja y alta velocidad, 300 mm\/min y 10-300 m\/min<\/strong><\/p>\n<p>[\/vc_column_text][vc_column_text]<span style=\"color: #000000;\">El ensayo de release mide la fuerza para separar el frontal con el adhesivo del soporte. La medici\u00f3n se realiza a un \u00e1ngulo de 180\u00ba, simulando un equipo aplicador. La fuerza de separaci\u00f3n requerida se mide en cent\u00edNewtons.<\/span><\/p>\n<p><span style=\"color: #000000;\">El release es una propiedad importante tanto para la conversi\u00f3n de etiquetas como para el dispensado. Un valor de release demasiado elevado puede causar roturas de papel durante el despelleje (la retirada de la matriz) y fallos en la l\u00ednea de dispensado. Un valor de release demasiado bajo puede provocar un predispensado de las etiquetas en la aplicadora, vol\u00e1ndose las mismas.<\/span>[\/vc_column_text][vc_empty_space height=&#8221;25px&#8221;][vc_separator color=&#8221;custom&#8221; align=&#8221;align_left&#8221; border_width=&#8221;3&#8243; el_width=&#8221;10&#8243; accent_color=&#8221;#ffd323&#8243;][vc_column_text]<\/p>\n<p style=\"text-align: left; color: #000000 !important;\"><strong>3 &#8211; Cohesi\u00f3n (shear): FTM 8<\/strong><\/p>\n<p>[\/vc_column_text][vc_column_text]<span style=\"color: #000000;\">La cohesi\u00f3n o shear describe la resistencia interna del adhesivo desde una superficie est\u00e1ndar. Este ensayo mide la fuerza del adhesivo a trav\u00e9s del tiempo requerido para desprender la capa adhesiva. Cuando m\u00e1s bajo sea el valor de cohesi\u00f3n (menos tiempo tarda en separar la capa de adhesivo), m\u00e1s blando es el adhesivo. Una cohesi\u00f3n elevada indica normalmente una buena resistencia al calor, menos sangrado, baja adhesi\u00f3n inicial moderada y buena convertibilidad.<\/span><\/p>\n<p><span style=\"color: #000000;\">En general, los adhesivos para impresi\u00f3n l\u00e1ser u otras aplicaciones de alta temperatura tienen valores de cohesi\u00f3n altos, por ejemplo aplicaciones A4.<\/span><\/p>\n<p><span style=\"color: #000000;\">Los adhesivos para aplicaciones en congelados normalmente tienen valores de cohesi\u00f3n bajos, aproximadamente una hora o menos. Los adhesivos para congelados est\u00e1n dise\u00f1ados para mantener la adhesi\u00f3n en ambientes fr\u00edos, as\u00ed que son adhesivos blandos a temperatura ambiente.<\/span>[\/vc_column_text][vc_empty_space height=&#8221;25px&#8221;][vc_separator color=&#8221;custom&#8221; align=&#8221;align_left&#8221; border_width=&#8221;3&#8243; el_width=&#8221;10&#8243; accent_color=&#8221;#ffd323&#8243;][vc_column_text]<\/p>\n<p style=\"text-align: left; color: #000000 !important;\"><strong>4 &#8211; Loop Tack (Adhesividad): FTM 9<\/strong><\/p>\n<p>[\/vc_column_text][vc_column_text]<span style=\"color: #000000;\">El tack se utiliza para describir la pegajosidad inicial del adhesivo. El valor de tack es la fuerza necesaria para separar un frontal adhesivado de un sustrato despu\u00e9s de un tiempo de contacto muy corto. El valor de tack informa sobre la adhesi\u00f3n inmediata sobre un sustrato polar y liso.<\/span><\/p>\n<p><span style=\"color: #000000;\">Muy a menudo tack y cohesi\u00f3n son interdependientes: si el valor tack es muy elevado, la cohesi\u00f3n suele ser bastante baja. Es decir, los adhesivos m\u00e1s blandos (cohesi\u00f3n baja) humedecen y penetran el sustrato r\u00e1pidamente y tienen una elevada adhesi\u00f3n inicial. Los adhesivos con un valor de cohesi\u00f3n m\u00e1s alto tienen un tack inferior.<\/span>[\/vc_column_text][vc_empty_space height=&#8221;25px&#8221;][vc_separator color=&#8221;custom&#8221; align=&#8221;align_left&#8221; border_width=&#8221;3&#8243; el_width=&#8221;10&#8243; accent_color=&#8221;#ffd323&#8243;][vc_column_text]<\/p>\n<p style=\"text-align: left; color: #000000 !important;\"><strong>5 &#8211; Adhesive coat weight: FTM 12<\/strong><\/p>\n<p>[\/vc_column_text][vc_column_text]<span style=\"color: #000000;\">Ensayo mediante el cual se determina la carga de adhesivo seco en gramos por metro cuadrado.<\/span>[\/vc_column_text][vc_empty_space height=&#8221;25px&#8221;][vc_separator color=&#8221;custom&#8221; align=&#8221;align_left&#8221; border_width=&#8221;3&#8243; el_width=&#8221;10&#8243; accent_color=&#8221;#ffd323&#8243;][vc_column_text]<\/p>\n<p style=\"text-align: left; color: #000000 !important;\"><strong>6 &#8211; Tensi\u00f3n superficial sobre films pl\u00e1sticos: FTM 15<\/strong><\/p>\n<p>[\/vc_column_text][vc_column_text]<span style=\"color: #000000;\">M\u00e9todo de verificaci\u00f3n de la tensi\u00f3n superficial del sustrato (face stock) en pel\u00edculas\u00a0pl\u00e1sticas.<\/span>[\/vc_column_text][vc_empty_space height=&#8221;25px&#8221;][vc_separator color=&#8221;custom&#8221; align=&#8221;align_left&#8221; border_width=&#8221;3&#8243; el_width=&#8221;10&#8243; accent_color=&#8221;#ffd323&#8243;][vc_column_text]<\/p>\n<p style=\"text-align: left; color: #000000 !important;\"><strong>7 &#8211; Tintas penetrantes: FTM 25<\/strong><\/p>\n<p>[\/vc_column_text][vc_column_text]<span style=\"color: #000000;\">Ensayo de verificaci\u00f3n visual de la uniformidad del coating de silicona.<\/span>[\/vc_column_text][vc_empty_space height=&#8221;25px&#8221;][vc_separator color=&#8221;custom&#8221; align=&#8221;align_left&#8221; border_width=&#8221;3&#8243; el_width=&#8221;10&#8243; accent_color=&#8221;#ffd323&#8243;][vc_column_text]<\/p>\n<p style=\"text-align: left; color: #000000 !important;\"><strong>8 &#8211; Test Tape<\/strong><\/p>\n<p>[\/vc_column_text][vc_column_text]<span style=\"color: #000000;\">M\u00e9todo utilizado para verificar el anclaje de la silicona al sustrato (liner-soporte), ya sea este de papel o sint\u00e9tico.<\/span>[\/vc_column_text][vc_empty_space height=&#8221;25px&#8221;][vc_separator color=&#8221;custom&#8221; align=&#8221;align_left&#8221; border_width=&#8221;3&#8243; el_width=&#8221;10&#8243; accent_color=&#8221;#ffd323&#8243;][vc_column_text]<\/p>\n<p style=\"text-align: left; color: #000000 !important;\"><strong>9 &#8211; Rubber Test<\/strong><\/p>\n<p>[\/vc_column_text][vc_column_text]<span style=\"color: #000000;\">M\u00e9todo que mide la resistencia del coating de silicona mediante un ensayo m\u00e9canico de frote.<\/span>[\/vc_column_text][\/vc_column_inner][\/vc_row_inner][\/vc_column][\/vc_row]<\/p>\n","protected":false},"excerpt":{"rendered":"<p>Claritas est etiam processus dynamicus, qui sequitur mutationem consuetudium lectorum. Mirum est notare quam littera gothica, quam nunc putamus parum claram, anteposuerit litterarum formas humanitatis per seacula quarta decima et quinta decima. Eodem modo typi, qui nunc nobis videntur parum clari, fiant sollemnes in futurum.<\/p>\n","protected":false},"author":1,"featured_media":0,"parent":0,"menu_order":0,"comment_status":"closed","ping_status":"closed","template":"page-vc.php","meta":{"om_disable_all_campaigns":false,"_monsterinsights_skip_tracking":false,"_monsterinsights_sitenote_active":false,"_monsterinsights_sitenote_note":"","_monsterinsights_sitenote_category":0,"footnotes":""},"class_list":["post-5432","page","type-page","status-publish","hentry"],"_links":{"self":[{"href":"http:\/\/artesgraficasmodernas.com.ar\/index.php\/wp-json\/wp\/v2\/pages\/5432","targetHints":{"allow":["GET"]}}],"collection":[{"href":"http:\/\/artesgraficasmodernas.com.ar\/index.php\/wp-json\/wp\/v2\/pages"}],"about":[{"href":"http:\/\/artesgraficasmodernas.com.ar\/index.php\/wp-json\/wp\/v2\/types\/page"}],"author":[{"embeddable":true,"href":"http:\/\/artesgraficasmodernas.com.ar\/index.php\/wp-json\/wp\/v2\/users\/1"}],"replies":[{"embeddable":true,"href":"http:\/\/artesgraficasmodernas.com.ar\/index.php\/wp-json\/wp\/v2\/comments?post=5432"}],"version-history":[{"count":42,"href":"http:\/\/artesgraficasmodernas.com.ar\/index.php\/wp-json\/wp\/v2\/pages\/5432\/revisions"}],"predecessor-version":[{"id":7356,"href":"http:\/\/artesgraficasmodernas.com.ar\/index.php\/wp-json\/wp\/v2\/pages\/5432\/revisions\/7356"}],"wp:attachment":[{"href":"http:\/\/artesgraficasmodernas.com.ar\/index.php\/wp-json\/wp\/v2\/media?parent=5432"}],"curies":[{"name":"wp","href":"https:\/\/api.w.org\/{rel}","templated":true}]}}