{"id":5397,"date":"2018-01-02T15:55:15","date_gmt":"2018-01-02T15:55:15","guid":{"rendered":"http:\/\/artesgraficasmodernas.com.ar\/?page_id=5397"},"modified":"2018-05-11T13:25:01","modified_gmt":"2018-05-11T13:25:01","slug":"division-materiales","status":"publish","type":"page","link":"http:\/\/artesgraficasmodernas.com.ar\/index.php\/division-materiales\/","title":{"rendered":"Divisi\u00f3n Materiales"},"content":{"rendered":"<p>[vc_row autoheight=&#8221;true&#8221; background_image=&#8221;6978&#8243; padding_top=&#8221;75&#8243; padding_bottom=&#8221;75&#8243; el_class=&#8221;header-divisiones&#8221;][vc_column][vc_custom_heading text=&#8221;SOLUCIONES PARA SUS DISE\u00d1OS&#8221; font_container=&#8221;tag:h3|font_size:45px|text_align:center|color:%23ffffff|line_height:50px&#8221; use_theme_fonts=&#8221;yes&#8221;][vc_custom_heading text=&#8221;Desarrollo y fabricaci\u00f3n de materiales autoadhesivos&#8221; font_container=&#8221;tag:h5|font_size:40px|text_align:center|color:%23ffffff|line_height:45px&#8221; use_theme_fonts=&#8221;yes&#8221;][\/vc_column][\/vc_row][vc_row background_color=&#8221;#ffd323&#8243; padding_bottom=&#8221;0&#8243;][vc_column effect=&#8221;fade-top&#8221;][vc_custom_heading text=&#8221;DIVISI\u00d3N MATERIALES&#8221; font_container=&#8221;tag:h2|font_size:30px|text_align:center|color:%23ffffff|line_height:30px&#8221; use_theme_fonts=&#8221;yes&#8221;]<div class=\"sep-wrap element-animate element-animate-false center nz-clearfix\" data-effect=\"none\"><div class=\"nz-separator solid\" style=\"border-bottom-color:#eabe3f;width:50px;border-bottom-width:1px;border-bottom-style:solid;margin-top:15px;margin-bottom:2px;\">&nbsp;<\/div><\/div><div class=\"sep-wrap element-animate element-animate-false center nz-clearfix\" data-effect=\"none\"><div class=\"nz-separator solid\" style=\"border-bottom-color:#c0c0c0;width:100px;border-bottom-width:1px;border-bottom-style:solid;margin-bottom:2px;\">&nbsp;<\/div><\/div><div class=\"sep-wrap element-animate element-animate-false center nz-clearfix\" data-effect=\"none\"><div class=\"nz-separator solid\" style=\"border-bottom-color:#ffffff;width:50px;border-bottom-width:1px;border-bottom-style:solid;\">&nbsp;<\/div><\/div>[\/vc_column][\/vc_row][vc_row padding_top=&#8221;40&#8243;][vc_column width=&#8221;1\/4&#8243;][\/vc_column][vc_column width=&#8221;1\/4&#8243; effect=&#8221;fade-left&#8221;][vc_column_text]<\/p>\n<h4 style=\"text-align: center;\"><span class=\"nz-icon none medium icon-printer animate-true\" style=\"color:#ffd323 !important;\"><\/span> <span style=\"color: #ffd323 !important;\"><a style=\"color: #ffd323 !important;\" href=\"http:\/\/artesgraficasmodernas.com.ar\/index.php\/tecnologia-materiales\/\">Tecnolog\u00eda<\/a><\/span><\/h4>\n<p>[\/vc_column_text][\/vc_column][vc_column width=&#8221;1\/4&#8243; effect=&#8221;fade-left&#8221;][vc_column_text]<\/p>\n<h4 style=\"text-align: center;\"><span class=\"nz-icon none medium icon-printer animate-true\" style=\"color:#ffd323 !important;\"><\/span> <span style=\"color: #ffd323 !important;\"><a style=\"color: #ffd323 !important;\" href=\"http:\/\/artesgraficasmodernas.com.ar\/index.php\/produc-materiales\/\">Productos<\/a><\/span><\/h4>\n<p>[\/vc_column_text][\/vc_column][vc_column width=&#8221;1\/4&#8243;][\/vc_column][\/vc_row][vc_row padding_top=&#8221;0&#8243; padding_bottom=&#8221;0&#8243;][vc_column][vc_separator][\/vc_column][\/vc_row][vc_row padding_top=&#8221;0&#8243;][vc_column width=&#8221;5\/6&#8243; effect=&#8221;fade-left&#8221;][vc_column_text]<\/p>\n<h3>Composici\u00f3n del Material Autoadhesivo<\/h3>\n<p>[\/vc_column_text][vc_empty_space height=&#8221;20px&#8221;][vc_separator align=&#8221;align_left&#8221; border_width=&#8221;3&#8243; el_width=&#8221;20&#8243;][vc_column_text]<span style=\"color: #000000;\">El material autoadhesivo es una estructura de m\u00faltiples capas. Consiste en un papel o material sint\u00e9tico recubierto en uno de sus lados con una pel\u00edcula de adhesivo, que proporciona un pegado instant\u00e1neo, al aplicarse sobre una superficie. T\u00e9rmino alternativo Pressure Sensitive Adhesive (PSA).<\/span>[\/vc_column_text][vc_empty_space][\/vc_column][vc_column width=&#8221;1\/6&#8243;][\/vc_column][\/vc_row][vc_row padding_top=&#8221;0&#8243;][vc_column width=&#8221;1\/2&#8243; effect=&#8221;fade-left&#8221; pr=&#8221;40&#8243;][vc_single_image image=&#8221;5419&#8243; img_size=&#8221;full&#8221;][\/vc_column][vc_column width=&#8221;1\/2&#8243; effect=&#8221;fade-right&#8221;][vc_column_text]<\/p>\n<h3>Estructura B\u00e1sica<\/h3>\n<p>[\/vc_column_text][vc_empty_space height=&#8221;20px&#8221;][vc_separator align=&#8221;align_left&#8221; border_width=&#8221;3&#8243; el_width=&#8221;20&#8243;]<ul class=\"nz-i-list circle\"><li><div><span class=\"icon icon-checkmark\" style=\"color:#ffffff;background-color:#ffd323;\"><\/span><\/div><div>Frontal (face stock): cara \u00fatil del producto autoadhesivo, sobre la cual generalmente se imprime.<\/div><\/li><li><div><span class=\"icon icon-checkmark\" style=\"color:#ffffff;background-color:#ffd323;\"><\/span><\/div><div>Adhesivo: sustancia capaz de unir dos materiales por adhesi\u00f3n superficial. Se aplica al frontal, generalmente contrario a la cara de impresi\u00f3n del mismo.<\/div><\/li><li><div><span class=\"icon icon-checkmark\" style=\"color:#ffffff;background-color:#ffd323;\"><\/span><\/div><div>Soporte (liner): material de transporte que se destaca al exponer al adhesivo y aplicar la etiqueta.<\/div><\/li><\/ul>[\/vc_column][\/vc_row][vc_row][vc_column width=&#8221;1\/2&#8243;][vc_column_text]<\/p>\n<h3>Ofrecemos<\/h3>\n<p>[\/vc_column_text][vc_empty_space height=&#8221;20px&#8221;][vc_separator align=&#8221;align_left&#8221; border_width=&#8221;3&#8243; el_width=&#8221;20&#8243;]<ul class=\"nz-i-list circle\"><li><div><span class=\"icon icon-checkmark\" style=\"color:#ffffff;background-color:#ffd323;\"><\/span><\/div><div>Nuestro conocimiento en la industria, tanto como fabricantes de materiales autoadhesivos como usuarios gr\u00e1ficos de los mismos y como as\u00ed tambi\u00e9n fabricantes de m\u00e1quinas etiquetadoras.<\/div><\/li><li><div><span class=\"icon icon-checkmark\" style=\"color:#ffffff;background-color:#ffd323;\"><\/span><\/div><div>Apoyo de nuestros especialistas para encontrar la mejor soluci\u00f3n a sus necesidades.<\/div><\/li><li><div><span class=\"icon icon-checkmark\" style=\"color:#ffffff;background-color:#ffd323;\"><\/span><\/div><div>Asistencia en desarrollos.<\/div><\/li><li><div><span class=\"icon icon-checkmark\" style=\"color:#ffffff;background-color:#ffd323;\"><\/span><\/div><div>Nuestra amplia gama de materiales aceptan los m\u00e1s variados sistemas de impresi\u00f3n (flexograf\u00eda, letterpress, offset, huecograbado, serigraf\u00eda) y las m\u00e1s sofisticadas y combinadas terminaciones (stamping, relieve, laca, barniz, troquelado, etc.).<\/div><\/li><\/ul>[\/vc_column][vc_column width=&#8221;1\/2&#8243;][vc_single_image image=&#8221;6468&#8243; img_size=&#8221;full&#8221;][\/vc_column][\/vc_row]<\/p>\n","protected":false},"excerpt":{"rendered":"<p>Claritas est etiam processus dynamicus, qui sequitur mutationem consuetudium lectorum. Mirum est notare quam littera gothica, quam nunc putamus parum claram, anteposuerit litterarum formas humanitatis per seacula quarta decima et quinta decima. Eodem modo typi, qui nunc nobis videntur parum clari, fiant sollemnes in futurum.<\/p>\n","protected":false},"author":1,"featured_media":0,"parent":0,"menu_order":0,"comment_status":"closed","ping_status":"closed","template":"page-vc.php","meta":{"om_disable_all_campaigns":false,"_monsterinsights_skip_tracking":false,"_monsterinsights_sitenote_active":false,"_monsterinsights_sitenote_note":"","_monsterinsights_sitenote_category":0,"footnotes":""},"class_list":["post-5397","page","type-page","status-publish","hentry"],"_links":{"self":[{"href":"http:\/\/artesgraficasmodernas.com.ar\/index.php\/wp-json\/wp\/v2\/pages\/5397","targetHints":{"allow":["GET"]}}],"collection":[{"href":"http:\/\/artesgraficasmodernas.com.ar\/index.php\/wp-json\/wp\/v2\/pages"}],"about":[{"href":"http:\/\/artesgraficasmodernas.com.ar\/index.php\/wp-json\/wp\/v2\/types\/page"}],"author":[{"embeddable":true,"href":"http:\/\/artesgraficasmodernas.com.ar\/index.php\/wp-json\/wp\/v2\/users\/1"}],"replies":[{"embeddable":true,"href":"http:\/\/artesgraficasmodernas.com.ar\/index.php\/wp-json\/wp\/v2\/comments?post=5397"}],"version-history":[{"count":53,"href":"http:\/\/artesgraficasmodernas.com.ar\/index.php\/wp-json\/wp\/v2\/pages\/5397\/revisions"}],"predecessor-version":[{"id":7275,"href":"http:\/\/artesgraficasmodernas.com.ar\/index.php\/wp-json\/wp\/v2\/pages\/5397\/revisions\/7275"}],"wp:attachment":[{"href":"http:\/\/artesgraficasmodernas.com.ar\/index.php\/wp-json\/wp\/v2\/media?parent=5397"}],"curies":[{"name":"wp","href":"https:\/\/api.w.org\/{rel}","templated":true}]}}