{"id":4592,"date":"2017-10-14T23:22:21","date_gmt":"2017-10-14T23:22:21","guid":{"rendered":"http:\/\/artesgraficasmodernas.com.ar\/?page_id=4592"},"modified":"2024-10-22T15:27:40","modified_gmt":"2024-10-22T15:27:40","slug":"contacto","status":"publish","type":"page","link":"http:\/\/artesgraficasmodernas.com.ar\/index.php\/contacto\/","title":{"rendered":"Contacto"},"content":{"rendered":"<p>[vc_row background_image=&#8221;5394&#8243; padding_top=&#8221;50&#8243; padding_bottom=&#8221;25&#8243;][vc_column][vc_empty_space height=&#8221;30px&#8221;][vc_custom_heading text=&#8221;AGM EN EL MUNDO&#8221; font_container=&#8221;tag:h3|font_size:45px|text_align:center|color:%23ffffff|line_height:30px&#8221; use_theme_fonts=&#8221;yes&#8221; el_class=&#8221;ninzio-latter-spacing&#8221;][vc_empty_space height=&#8221;15px&#8221;][vc_column_text]<\/p>\n<div class=\"nz-section horizontal autoheight-false animate-false full-width-false \" data-img-width=\"1450\" data-img-height=\"300\" data-animation-speed=\"35000\" data-parallax=\"false\">\n<div class=\"container\">\n<div class=\"nz-row\">\n<div class=\"col vc_col-sm-12 col12 element-animate-false valign-top\" data-effect=\"none\" data-align=\"left\">\n<div class=\"col-inner\">\n<div class=\"nz-column-text nz-clearfix element-animate-false\" data-effect=\"none\" data-effect-speed=\"50\">\n<div class=\"nz-section horizontal autoheight-false animate-false full-width-false \" data-img-width=\"1450\" data-img-height=\"300\" data-animation-speed=\"35000\" data-parallax=\"false\">\n<div class=\"container\">\n<div class=\"nz-row\">\n<div class=\"col vc_col-sm-12 col12 element-animate-false valign-top\" data-effect=\"none\" data-align=\"left\">\n<div class=\"col-inner\">\n<div class=\"nz-column-text nz-clearfix element-animate-false\" data-effect=\"none\" data-effect-speed=\"50\">\n<h1 style=\"text-align: center;\"><span style=\"color: #ffffff !important;\">Conectados desde siempre.<\/span><\/h1>\n<\/div>\n<\/div>\n<\/div>\n<\/div>\n<\/div>\n<\/div>\n<\/div>\n<\/div>\n<\/div>\n<\/div>\n<\/div>\n<\/div>\n<p>[\/vc_column_text][\/vc_column][\/vc_row][vc_row][vc_column][vc_column_text] [\/vc_column_text][\/vc_column][\/vc_row][vc_row background_color=&#8221;#dd3333&#8243; padding_bottom=&#8221;0&#8243;][vc_column effect=&#8221;fade-top&#8221;][vc_custom_heading text=&#8221;CONTACTO&#8221; font_container=&#8221;tag:h3|font_size:30px|text_align:center|color:%23ffffff|line_height:30px&#8221; use_theme_fonts=&#8221;yes&#8221; el_class=&#8221;ninzio-latter-spacing&#8221;]<div class=\"sep-wrap element-animate element-animate-false center nz-clearfix\" data-effect=\"none\"><div class=\"nz-separator solid\" style=\"border-bottom-color:#eabe3f;width:50px;border-bottom-width:1px;border-bottom-style:solid;margin-top:15px;margin-bottom:2px;\">&nbsp;<\/div><\/div><div class=\"sep-wrap element-animate element-animate-false center nz-clearfix\" data-effect=\"none\"><div class=\"nz-separator solid\" style=\"border-bottom-color:#c0c0c0;width:100px;border-bottom-width:1px;border-bottom-style:solid;margin-bottom:2px;\">&nbsp;<\/div><\/div><div class=\"sep-wrap element-animate element-animate-false center nz-clearfix\" data-effect=\"none\"><div class=\"nz-separator solid\" style=\"border-bottom-color:#ffffff;width:50px;border-bottom-width:1px;border-bottom-style:solid;\">&nbsp;<\/div><\/div>[\/vc_column][\/vc_row][vc_row][vc_column][vc_column_text] [\/vc_column_text][\/vc_column][\/vc_row][vc_row padding_top=&#8221;50&#8243; padding_bottom=&#8221;&#8221;][vc_column width=&#8221;2\/3&#8243; effect=&#8221;fade-left&#8221;][vc_custom_heading text=&#8221;UBICACI\u00d3N&#8221; font_container=&#8221;tag:h2|font_size:25|text_align:left|color:%23dd3333&#8243; use_theme_fonts=&#8221;yes&#8221;]<div class='gap nz-clearfix' style='height:20px'>&nbsp;<\/div>[vc_column_text] <span style=\"font-size: 18px; color: #333333;\">Ubicada geogr\u00e1ficamente en la localidad de San Justo, Provincia de Buenos Aires, cuenta con una superficie de 17.500 m\u00b2 entre planta, administraci\u00f3n y ventas.<\/span><\/p>\n<p><span style=\"font-size: 18px; color: #333333;\">Tambi\u00e9n posee oficinas comerciales en la provincia de Mendoza, Argentina, en Brasil y en M\u00e9xico. Dentro de su estrategia comercial est\u00e1 la atenci\u00f3n directa y el asesoramiento personalizado a empresas de otros pa\u00edses.<\/span>[\/vc_column_text]<div class='gap nz-clearfix' style='height:20px'>&nbsp;<\/div>[vc_gmaps link=&#8221;#E-8_ JTNDaWZyYW1lJTIwc3JjJTNEJTIyaHR0cHMlM0ElMkYlMkZ3d3cuZ29vZ2xlLmNvbSUyRm1hcHMlMkZlbWJlZCUzRnBiJTNEJTIxMW0xOCUyMTFtMTIlMjExbTMlMjExZDMyODAuOTM2NzM3ODI0NDM2JTIxMmQtNTguNTg1NTM0NTg0NzY4MjU0JTIxM2QtMzQuNjgxNTQ2MDgwNDM5MzklMjEybTMlMjExZjAlMjEyZjAlMjEzZjAlMjEzbTIlMjExaTEwMjQlMjEyaTc2OCUyMTRmMTMuMSUyMTNtMyUyMTFtMiUyMTFzMHg5NWJjYzY0ZWM5ZjE5ZjU3JTI1M0EweDY0NTg1OWRlNGI2Y2NiMjclMjEyc0Vuc2VuYWRhJTJCMjAzMSUyNTJDJTJCU2FuJTJCSnVzdG8lMjUyQyUyQkJ1ZW5vcyUyQkFpcmVzJTIxNWUwJTIxM20yJTIxMXNlcy00MTklMjEyc2FyJTIxNHYxNTE0MzAyNTQwMjQ0JTIyJTIwd2lkdGglM0QlMjI2MDAlMjIlMjBoZWlnaHQlM0QlMjIzMDAlMjIlMjBmcmFtZWJvcmRlciUzRCUyMjAlMjIlMjBzdHlsZSUzRCUyMmJvcmRlciUzQTAlMjIlMjBhbGxvd2Z1bGxzY3JlZW4lM0UlM0MlMkZpZnJhbWUlM0U=&#8221;]<div class='gap nz-clearfix' style='height:20px'>&nbsp;<\/div>[vc_separator color=&#8221;custom&#8221; accent_color=&#8221;#dd3333&#8243;][vc_column_text]<span style=\"color: #333333;\">Env\u00edenos su consulta y un representante se pondr\u00e1 en contacto a la brevedad.<\/span>[\/vc_column_text]<div class='gap nz-clearfix' style='height:20px'>&nbsp;<\/div>\n<div class=\"wpcf7 no-js\" id=\"wpcf7-f4283-o1\" lang=\"en-US\" dir=\"ltr\" data-wpcf7-id=\"4283\">\n<div class=\"screen-reader-response\"><p role=\"status\" aria-live=\"polite\" aria-atomic=\"true\"><\/p> <ul><\/ul><\/div>\n<form action=\"\/index.php\/wp-json\/wp\/v2\/pages\/4592#wpcf7-f4283-o1\" method=\"post\" class=\"wpcf7-form init\" aria-label=\"Contact form\" novalidate=\"novalidate\" data-status=\"init\">\n<fieldset class=\"hidden-fields-container\"><input type=\"hidden\" name=\"_wpcf7\" value=\"4283\" \/><input type=\"hidden\" name=\"_wpcf7_version\" value=\"6.1.5\" \/><input type=\"hidden\" name=\"_wpcf7_locale\" value=\"en_US\" \/><input type=\"hidden\" name=\"_wpcf7_unit_tag\" value=\"wpcf7-f4283-o1\" \/><input type=\"hidden\" name=\"_wpcf7_container_post\" value=\"0\" \/><input type=\"hidden\" name=\"_wpcf7_posted_data_hash\" value=\"\" \/>\n<\/fieldset>\n<div class=\"col col4\" data-margin=\"true\">\n\t<p><span class=\"wpcf7-form-control-wrap\" data-name=\"your-name\"><input size=\"40\" maxlength=\"400\" class=\"wpcf7-form-control wpcf7-text\" aria-invalid=\"false\" placeholder=\"Nombre y Apellido\" value=\"\" type=\"text\" name=\"your-name\" \/><\/span>\n\t<\/p>\n<\/div>\n<div class=\"col col4\" data-margin=\"true\">\n\t<p><span class=\"wpcf7-form-control-wrap\" data-name=\"your-email\"><input size=\"40\" maxlength=\"400\" class=\"wpcf7-form-control wpcf7-email wpcf7-text wpcf7-validates-as-email\" aria-invalid=\"false\" placeholder=\"E-mail\" value=\"\" type=\"email\" name=\"your-email\" \/><\/span>\n\t<\/p>\n<\/div>\n<div class=\"col col4\" data-margin=\"true\">\n\t<p><span class=\"wpcf7-form-control-wrap\" data-name=\"your-subject\"><input size=\"40\" maxlength=\"400\" class=\"wpcf7-form-control wpcf7-text\" aria-invalid=\"false\" placeholder=\"Tel\u00e9fono\" value=\"\" type=\"text\" name=\"your-subject\" \/><\/span>\n\t<\/p>\n<\/div>\n<div class=\"col col12\"  data-margin=\"true\">\n\t<p><span class=\"wpcf7-form-control-wrap\" data-name=\"your-message\"><textarea cols=\"40\" rows=\"10\" maxlength=\"2000\" class=\"wpcf7-form-control wpcf7-textarea\" aria-invalid=\"false\" placeholder=\"Mensaje\" name=\"your-message\"><\/textarea><\/span>\n\t<\/p>\n<\/div>\n<div class=\"col col12\">\n\t<p><input class=\"wpcf7-form-control wpcf7-submit has-spinner\" type=\"submit\" value=\"Enviar\" \/>\n\t<\/p>\n<\/div><div class=\"wpcf7-response-output\" aria-hidden=\"true\"><\/div>\n<\/form>\n<\/div>\n[\/vc_column][vc_column width=&#8221;1\/3&#8243; effect=&#8221;fade-bottom&#8221; pl=&#8221;40&#8243;][vc_empty_space height=&#8221;10px&#8221;][vc_column_text]<\/p>\n<h6><img loading=\"lazy\" decoding=\"async\" class=\"alignnone wp-image-5157\" src=\"http:\/\/artesgraficasmodernas.com.ar\/wp-content\/uploads\/2017\/12\/ARG.png\" alt=\"\" width=\"30\" height=\"30\" \/>\u00a0<span style=\"color: #333333;\">\u00a0BUENOS AIRES<\/span><\/h6>\n<p><span style=\"color: #333333;\">Ensenada 2031\/47 . San Justo<\/span><br \/>\n<span style=\"color: #333333;\">Buenos Aires . Argentina<\/span><\/p>\n<p><span style=\"color: #333333;\">Tel. +54 11 7700.3766<\/span><\/p>\n<p><span style=\"color: #333333;\">Correo electr\u00f3nico: <\/span><a href=\"mailto:agm@agm-sa.com\">agm@agm-sa.com<\/a>[\/vc_column_text][vc_empty_space height=&#8221;10px&#8221;][vc_separator align=&#8221;align_left&#8221; el_width=&#8221;70&#8243;][vc_empty_space height=&#8221;10px&#8221;][vc_column_text]<\/p>\n<h6><img loading=\"lazy\" decoding=\"async\" class=\"alignnone wp-image-5157\" src=\"http:\/\/artesgraficasmodernas.com.ar\/wp-content\/uploads\/2017\/12\/ARG.png\" alt=\"\" width=\"30\" height=\"30\" \/>\u00a0 <span style=\"color: #333333;\">MENDOZA<\/span><\/h6>\n<p><span style=\"color: #333333;\">25 de Mayo 303 . Bombal<\/span><br \/>\n<span style=\"color: #333333;\">Mendoza. Argentina<\/span><\/p>\n<p><span style=\"color: #333333;\">Tel. +54 261 424.0183<\/span><\/p>\n<p><span style=\"color: #333333;\">Correo electr\u00f3nico:<\/span> <a href=\"mailto:rminati@agm-sa.com\">rminati@agm-sa.com<\/a>[\/vc_column_text][vc_empty_space height=&#8221;10px&#8221;][vc_separator align=&#8221;align_left&#8221; el_width=&#8221;70&#8243;][vc_separator align=&#8221;align_left&#8221; el_width=&#8221;70&#8243;][vc_separator align=&#8221;align_left&#8221; el_width=&#8221;70&#8243;][\/vc_column][\/vc_row]<\/p>\n","protected":false},"excerpt":{"rendered":"<p>Claritas est etiam processus dynamicus, qui sequitur mutationem consuetudium lectorum. Mirum est notare quam littera gothica, quam nunc putamus parum claram, anteposuerit litterarum formas humanitatis per seacula quarta decima et quinta decima. Eodem modo typi, qui nunc nobis videntur parum clari, fiant sollemnes in futurum.<\/p>\n","protected":false},"author":1,"featured_media":0,"parent":0,"menu_order":0,"comment_status":"closed","ping_status":"closed","template":"page-vc.php","meta":{"om_disable_all_campaigns":false,"_monsterinsights_skip_tracking":false,"_monsterinsights_sitenote_active":false,"_monsterinsights_sitenote_note":"","_monsterinsights_sitenote_category":0,"footnotes":""},"class_list":["post-4592","page","type-page","status-publish","hentry"],"_links":{"self":[{"href":"http:\/\/artesgraficasmodernas.com.ar\/index.php\/wp-json\/wp\/v2\/pages\/4592","targetHints":{"allow":["GET"]}}],"collection":[{"href":"http:\/\/artesgraficasmodernas.com.ar\/index.php\/wp-json\/wp\/v2\/pages"}],"about":[{"href":"http:\/\/artesgraficasmodernas.com.ar\/index.php\/wp-json\/wp\/v2\/types\/page"}],"author":[{"embeddable":true,"href":"http:\/\/artesgraficasmodernas.com.ar\/index.php\/wp-json\/wp\/v2\/users\/1"}],"replies":[{"embeddable":true,"href":"http:\/\/artesgraficasmodernas.com.ar\/index.php\/wp-json\/wp\/v2\/comments?post=4592"}],"version-history":[{"count":57,"href":"http:\/\/artesgraficasmodernas.com.ar\/index.php\/wp-json\/wp\/v2\/pages\/4592\/revisions"}],"predecessor-version":[{"id":7496,"href":"http:\/\/artesgraficasmodernas.com.ar\/index.php\/wp-json\/wp\/v2\/pages\/4592\/revisions\/7496"}],"wp:attachment":[{"href":"http:\/\/artesgraficasmodernas.com.ar\/index.php\/wp-json\/wp\/v2\/media?parent=4592"}],"curies":[{"name":"wp","href":"https:\/\/api.w.org\/{rel}","templated":true}]}}